{"id":2567,"date":"2025-07-01T06:21:47","date_gmt":"2025-07-01T06:21:47","guid":{"rendered":"https:\/\/libellula.webstaging.it\/?page_id=2567"},"modified":"2025-07-01T06:23:56","modified_gmt":"2025-07-01T06:23:56","slug":"termos-e-condicoes","status":"publish","type":"page","link":"https:\/\/libellula.webstaging.it\/pt\/termos-e-condicoes\/","title":{"rendered":"Termos e condi\u00e7\u00f5es"},"content":{"rendered":"<div data-elementor-type=\"wp-page\" data-elementor-id=\"2567\" class=\"elementor elementor-2567\" data-elementor-post-type=\"page\">\n\t\t\t\t<div class=\"elementor-element elementor-element-495dc9a e-flex e-con-boxed e-con e-parent\" data-id=\"495dc9a\" data-element_type=\"container\" data-e-type=\"container\">\n\t\t\t\t\t<div class=\"e-con-inner\">\n\t\t\t\t\t<\/div>\n\t\t\t\t<\/div>\n\t\t<div class=\"elementor-element elementor-element-c39e285 e-flex e-con-boxed e-con e-parent\" data-id=\"c39e285\" data-element_type=\"container\" data-e-type=\"container\">\n\t\t\t\t\t<div class=\"e-con-inner\">\n\t\t\t\t<div class=\"elementor-element elementor-element-36a2794 elementor-widget elementor-widget-heading\" data-id=\"36a2794\" data-element_type=\"widget\" data-e-type=\"widget\" data-widget_type=\"heading.default\">\n\t\t\t\t<div class=\"elementor-widget-container\">\n\t\t\t\t\t<h2 class=\"elementor-heading-title elementor-size-default\">Termos e condi\u00e7\u00f5es\n<\/h2>\t\t\t\t<\/div>\n\t\t\t\t<\/div>\n\t\t\t\t<div class=\"elementor-element elementor-element-08ecfeb elementor-widget elementor-widget-text-editor\" data-id=\"08ecfeb\" data-element_type=\"widget\" data-e-type=\"widget\" data-widget_type=\"text-editor.default\">\n\t\t\t\t<div class=\"elementor-widget-container\">\n\t\t\t\t\t\t\t\t\t<p>Por tratamento de dados pessoais entende-se qualquer opera\u00e7\u00e3o ou conjunto de opera\u00e7\u00f5es, efectuadas com ou sem a ajuda de meios electr\u00f3nicos, respeitantes \u00e0 recolha, registo, organiza\u00e7\u00e3o, conserva\u00e7\u00e3o, interroga\u00e7\u00e3o, elabora\u00e7\u00e3o, altera\u00e7\u00e3o, sele\u00e7\u00e3o, recupera\u00e7\u00e3o, compara\u00e7\u00e3o, utiliza\u00e7\u00e3o, interconex\u00e3o, bloqueio, comunica\u00e7\u00e3o, difus\u00e3o, apagamento e destrui\u00e7\u00e3o de dados, contidos ou n\u00e3o numa base de dados.<\/p><p>Em rela\u00e7\u00e3o ao tratamento de dados pessoais, o utilizador tem:<\/p><p>O direito de obter da Libellula a confirma\u00e7\u00e3o de que os dados pessoais que lhe dizem respeito s\u00e3o ou n\u00e3o objeto de tratamento, mesmo que n\u00e3o tenham sido registados, e a sua comunica\u00e7\u00e3o de forma intelig\u00edvel;<br \/>o direito de obter da Libellula informa\u00e7\u00f5es sobre a origem dos seus dados pessoais, as finalidades e os m\u00e9todos de tratamento;<br \/>o direito de obter da Libellula informa\u00e7\u00f5es sobre os crit\u00e9rios aplicados em caso de tratamento efectuado com recurso a meios electr\u00f3nicos;<br \/>o direito de obter do Libellula informa\u00e7\u00f5es sobre os dados de identifica\u00e7\u00e3o do respons\u00e1vel pelo tratamento de dados e dos subcontratantes, os nomes das pessoas ou categorias de pessoas a quem os dados pessoais podem ser comunicados ou que podem tomar conhecimento dos dados na sua qualidade, por exemplo, de subcontratantes. o utilizador tem igualmente o direito de obter do Libellula<br \/>a) atualiza\u00e7\u00e3o, retifica\u00e7\u00e3o, integra\u00e7\u00e3o dos seus dados pessoais;<br \/>b) a supress\u00e3o, a transforma\u00e7\u00e3o em forma an\u00f3nima ou o bloqueio dos dados pessoais tratados em viola\u00e7\u00e3o da lei, incluindo os dados cuja conserva\u00e7\u00e3o n\u00e3o seja necess\u00e1ria para os fins para que foram recolhidos ou posteriormente tratados;<br \/>c) a certifica\u00e7\u00e3o de que as opera\u00e7\u00f5es referidas nas al\u00edneas a) e b) foram levadas ao conhecimento, tamb\u00e9m no que respeita ao seu conte\u00fado, daqueles a quem os dados foram comunicados ou divulgados, exceto se tal se revelar imposs\u00edvel ou implicar um esfor\u00e7o manifestamente desproporcionado em rela\u00e7\u00e3o ao direito protegido.<br \/>O utilizador tem, no entanto, o direito de se opor, total ou parcialmente: a) por motivos leg\u00edtimos, ao tratamento dos dados pessoais que lhe digam respeito, ainda que pertinentes para a finalidade da recolha; b) ao tratamento dos dados pessoais que lhe digam respeito para efeitos de envio de material publicit\u00e1rio ou de marketing direto ou para a realiza\u00e7\u00e3o de estudos de mercado ou de comunica\u00e7\u00e3o comercial. O utilizador pode exercer livremente os seus direitos relacionados com a legisla\u00e7\u00e3o aplic\u00e1vel em qualquer momento, mediante pedido escrito dirigido \u00e0 Libellula para o endere\u00e7o postal ou endere\u00e7o eletr\u00f3nico privacy@libellula.com, ao qual ser\u00e1 prontamente respondido. O endere\u00e7o privacy@libellula.com est\u00e1 \u00e0 disposi\u00e7\u00e3o do Utilizador para a verifica\u00e7\u00e3o da corre\u00e7\u00e3o, modifica\u00e7\u00e3o ou atualiza\u00e7\u00e3o dos seus dados pessoais. As coordenadas de correio eletr\u00f3nico fornecidas pelo Interessado no \u00e2mbito da venda de um produto ou servi\u00e7o, autorizam a Libellula, por for\u00e7a da legisla\u00e7\u00e3o relevante em vigor, a utilizar as mesmas coordenadas para a atividade de venda de produtos similares aos j\u00e1 vendidos, sem solicitar o consentimento do Interessado e desde que os servi\u00e7os sejam similares aos vendidos. o utilizador, no momento da recolha e no momento do envio de qualquer comunica\u00e7\u00e3o efectuada para os fins acima referidos, \u00e9 informado da possibilidade de se opor ao tratamento a qualquer momento, de forma f\u00e1cil e gratuita. A disposi\u00e7\u00e3o do garante de 19 de junho de 2008, relativa \u00e0s simplifica\u00e7\u00f5es de cumprimento no que respeita ao tratamento para fins administrativos e contabil\u00edsticos, autoriza o comerciante a utilizar o endere\u00e7o postal do utilizador para enviar, juntamente com os documentos administrativos e contabil\u00edsticos, publicidade relativa a produtos semelhantes aos adquiridos, salvo recusa expressa quanto \u00e0 utiliza\u00e7\u00e3o do endere\u00e7o postal emitido. Para informa\u00e7\u00f5es mais detalhadas sobre os m\u00e9todos de tratamento de dados pessoais pela Libellula, o utilizador \u00e9 convidado a ler na \u00edntegra e em pormenor a presente pol\u00edtica de privacidade.<\/p><p>M\u00e9todos de tratamento de dados pessoais<\/p><p>Por tratamento de dados pessoais entende-se qualquer opera\u00e7\u00e3o ou conjunto de opera\u00e7\u00f5es, efectuadas com ou sem a ajuda de meios electr\u00f3nicos, respeitantes \u00e0 recolha, registo, organiza\u00e7\u00e3o, conserva\u00e7\u00e3o, interroga\u00e7\u00e3o, elabora\u00e7\u00e3o, altera\u00e7\u00e3o, sele\u00e7\u00e3o, recupera\u00e7\u00e3o, compara\u00e7\u00e3o, utiliza\u00e7\u00e3o, interconex\u00e3o, bloqueio, comunica\u00e7\u00e3o, difus\u00e3o, apagamento e destrui\u00e7\u00e3o de dados, contidos ou n\u00e3o numa base de dados.<\/p><p>Para o efeito, as ac\u00e7\u00f5es da Libellula no que respeita ao tratamento de dados pessoais baseiam-se nos seguintes princ\u00edpios:<\/p><p>tratar os dados exclusivamente para as finalidades e segundo as modalidades previstas nas informa\u00e7\u00f5es apresentadas no momento da sua recolha;<br \/>utilizar os dados para outros fins que n\u00e3o aqueles para os quais os dados foram especificamente divulgados, apenas se houver consentimento expresso do utilizador;<br \/>disponibilizar os dados a empresas terceiras apenas para fins instrumentais \u00e0 presta\u00e7\u00e3o do servi\u00e7o solicitado e no \u00e2mbito de uma nomea\u00e7\u00e3o como respons\u00e1vel pelo tratamento de dados; n\u00e3o divulgar os dados, ced\u00ea-los ou transferi-los a terceiros para o seu pr\u00f3prio tratamento sem que os utilizadores tenham sido previamente informados e tenham dado o seu consentimento;<br \/>responder a pedidos de cancelamento, altera\u00e7\u00e3o, integra\u00e7\u00e3o dos dados fornecidos, oposi\u00e7\u00e3o ao tratamento de dados para efeitos de envio de informa\u00e7\u00f5es comerciais e de publicidade;<br \/>Assegurar a gest\u00e3o correta e l\u00edcita dos dados, salvaguardando a privacidade dos utilizadores, e aplicar as medidas de seguran\u00e7a adequadas para proteger a confidencialidade, integridade e disponibilidade dos dados fornecidos. Os dados pessoais s\u00e3o tratados principalmente por via eletr\u00f3nica e telem\u00e1tica, tanto pela Libellula como por outros sujeitos, devidamente selecionados pela sua fiabilidade e compet\u00eancia, que desenvolvem actividades instrumentais para a prossecu\u00e7\u00e3o das finalidades estritamente relacionadas com a utiliza\u00e7\u00e3o do site, dos seus servi\u00e7os e da compra de produtos atrav\u00e9s do site (ver sec\u00e7\u00e3o \"sujeitos que podem tratar dados pessoais\").<br \/>As finalidades espec\u00edficas para as quais os dados s\u00e3o tratados s\u00e3o resumidas, periodicamente, na nota informativa prevista no art. 13\u00ba do decreto legislativo 196\/2003, que \u00e9 apresentada ao utilizador quando este divulga os seus dados pessoais. Em geral, os dados s\u00e3o tratados para a presta\u00e7\u00e3o dos seguintes servi\u00e7os dispon\u00edveis atrav\u00e9s do acesso ao s\u00edtio Web libellula.eu<\/p><p>registo no s\u00edtio, a fim de beneficiar dos servi\u00e7os nele contidos;<br \/>subscri\u00e7\u00e3o de servi\u00e7os espec\u00edficos e adicionais, como a nossa newsletter biquadro e outros servi\u00e7os de informa\u00e7\u00e3o semelhantes sobre a nossa atividade;<br \/>processamento de encomendas e actividades conexas;<br \/>tratar de quest\u00f5es t\u00e9cnicas, comerciais, de estado das encomendas e de quest\u00f5es gerais;<br \/>Ao contactar as pessoas de contacto dos nossos servi\u00e7os, a configura\u00e7\u00e3o do s\u00edtio Web libellula.eu \u00e9 tal que a recolha de dados pessoais \u00e9 feita na medida do estritamente necess\u00e1rio para a presta\u00e7\u00e3o do servi\u00e7o nele contido e que os dados pessoais s\u00e3o utilizados na menor medida poss\u00edvel.<br \/>Consequentemente, o tratamento de dados \u00e9 exclu\u00eddo quando as finalidades prosseguidas em casos individuais podem ser alcan\u00e7adas atrav\u00e9s da utiliza\u00e7\u00e3o de dados an\u00f3nimos (como, por exemplo, em estudos de mercado destinados a melhorar os servi\u00e7os) ou atrav\u00e9s de outros m\u00e9todos que permitam identificar o utilizador apenas em caso de necessidade ou de um pedido espec\u00edfico das autoridades e da pol\u00edcia. Como expressamente referido na nota informativa, para fornecer ao Utilizador informa\u00e7\u00f5es orientadas para as suas necessidades e destinadas \u00e0 cria\u00e7\u00e3o de perfis, obtidos com base nas prefer\u00eancias manifestadas e nas compras efectuadas, os dados pessoais, com o consentimento deste \u00faltimo, podem ser tratados pela Libellula para a realiza\u00e7\u00e3o do acima referido.<\/p><p>A utiliza\u00e7\u00e3o dos dados pessoais poder\u00e1 ser utilizada pela Libellula para enviar, com o consentimento do utilizador, publicidade sobre os seus servi\u00e7os e produtos, com exce\u00e7\u00e3o do disposto no art. 130\u00ba, n\u00ba 4, do Decreto Legislativo 196\/2003. Ap\u00f3s o consentimento expresso do Utilizador, os dados pessoais ser\u00e3o comunicados a terceiros, exceto nos casos em que essa comunica\u00e7\u00e3o seja exigida por lei ou necess\u00e1ria para finalidades previstas na lei para as quais n\u00e3o seja necess\u00e1rio o consentimento do Utilizador. Os dados disponibilizados a terceiros ser\u00e3o tratados por estes de forma aut\u00f3noma e de forma estritamente relacionada com as finalidades acima referidas. A Libellula s\u00f3 tratar\u00e1 os dados pessoais do Utilizador para fins diversos dos fins espec\u00edficos para os quais o Utilizador consentiu na utiliza\u00e7\u00e3o dos dados pessoais depois de obter o consentimento expresso do Utilizador (por exemplo, para a defini\u00e7\u00e3o de perfis de clientes com base nas suas prefer\u00eancias e h\u00e1bitos de compra). No caso de tratamentos para os quais n\u00e3o \u00e9 necess\u00e1rio o consentimento, a Libellula poder\u00e1 tratar os dados pessoais quando tal for necess\u00e1rio para o cumprimento de uma obriga\u00e7\u00e3o jur\u00eddica ou quando tal for necess\u00e1rio para o cumprimento de obriga\u00e7\u00f5es contratuais assumidas com o Utilizador.<\/p><p>Em qualquer caso, os dados pessoais n\u00e3o ser\u00e3o transferidos para o estrangeiro, para pa\u00edses que n\u00e3o perten\u00e7am \u00e0 Uni\u00e3o Europeia e que n\u00e3o assegurem n\u00edveis adequados de prote\u00e7\u00e3o dos dados pessoais. No caso de ser necess\u00e1ria, por motivos relacionados com a utiliza\u00e7\u00e3o do site e, portanto, para a celebra\u00e7\u00e3o de um contrato de compra e venda ou para a presta\u00e7\u00e3o de servi\u00e7os, a transfer\u00eancia de dados pessoais para pa\u00edses fora da Uni\u00e3o Europeia e que n\u00e3o assegurem um n\u00edvel de prote\u00e7\u00e3o adequado, a Libellula celebrar\u00e1 com quem tratar\u00e1 os dados pessoais contratos espec\u00edficos elaborados de forma a garantir um n\u00edvel de seguran\u00e7a adequado e equivalente aos padr\u00f5es exigidos por lei. No caso de o utilizador comunicar, no \u00e2mbito de uma compra ou de uma presta\u00e7\u00e3o de servi\u00e7os efectuada no s\u00edtio Web, dados pessoais de terceiros, n\u00e3o relacionados com o contrato de compra ou de presta\u00e7\u00e3o de servi\u00e7os, a Libellula certificar-se-\u00e1 de entregar a essas pessoas, no momento do registo desses dados pessoais no seu arquivo, as informa\u00e7\u00f5es exigidas pelo art. 13, d. lgs 196\/2003. Permanece, em qualquer caso, o \u00f3nus e a responsabilidade do utilizador - o \u00fanico respons\u00e1vel pela comunica\u00e7\u00e3o de informa\u00e7\u00f5es e dados relativos a terceiros sem o seu consentimento ou por qualquer utiliza\u00e7\u00e3o indevida ou contr\u00e1ria \u00e0 lei que tenha fornecido os dados pessoais de terceiros - de obter o seu consentimento pr\u00e9vio para o tratamento de dados pessoais antes de os comunicar a Libellula e de os informar sobre esta pol\u00edtica de privacidade. O consentimento para o tratamento de dados pessoais pelo terceiro n\u00e3o \u00e9 necess\u00e1rio quando os dados pessoais s\u00e3o comunicados para a celebra\u00e7\u00e3o do contrato a favor do terceiro.<\/p><p>\u00daltima atualiza\u00e7\u00e3o: 29 de janeiro de 2012<\/p>\t\t\t\t\t\t\t\t<\/div>\n\t\t\t\t<\/div>\n\t\t\t\t\t<\/div>\n\t\t\t\t<\/div>\n\t\t\t\t<\/div>","protected":false},"excerpt":{"rendered":"<p>Termini e condizioni Per trattamento dei dati personali si intende qualunque operazione o complesso di operazioni, effettuati anche senza l\u2019ausilio di strumenti elettronici, concernenti la raccolta, la registrazione, l\u2019organizzazione, la conservazione, la consultazione, l\u2019elaborazione, la modificazione , la selezione, l\u2019estrazione, il raffronto, l\u2019utilizzo, l\u2019interconnessione, il blocco, la comunicazione, la diffusione, la cancellazione e la distruzione [&hellip;]<\/p>","protected":false},"author":1,"featured_media":0,"parent":0,"menu_order":0,"comment_status":"closed","ping_status":"closed","template":"elementor_header_footer","meta":{"footnotes":""},"class_list":["post-2567","page","type-page","status-publish","hentry"],"yoast_head":"<!-- This site is optimized with the Yoast SEO Premium plugin v26.1 (Yoast SEO v26.1) - https:\/\/yoast.com\/wordpress\/plugins\/seo\/ -->\n<title>Termini e condizioni - Libellula<\/title>\n<meta name=\"robots\" content=\"index, follow, max-snippet:-1, max-image-preview:large, max-video-preview:-1\" \/>\n<link rel=\"canonical\" href=\"https:\/\/libellula.webstaging.it\/pt\/termos-e-condicoes\/\" \/>\n<meta property=\"og:locale\" content=\"pt_PT\" \/>\n<meta property=\"og:type\" content=\"article\" \/>\n<meta property=\"og:title\" content=\"Termini e condizioni\" \/>\n<meta property=\"og:description\" content=\"Termini e condizioni Per trattamento dei dati personali si intende qualunque operazione o complesso di operazioni, effettuati anche senza l\u2019ausilio di strumenti elettronici, concernenti la raccolta, la registrazione, l\u2019organizzazione, la conservazione, la consultazione, l\u2019elaborazione, la modificazione , la selezione, l\u2019estrazione, il raffronto, l\u2019utilizzo, l\u2019interconnessione, il blocco, la comunicazione, la diffusione, la cancellazione e la distruzione [&hellip;]\" \/>\n<meta property=\"og:url\" content=\"https:\/\/libellula.webstaging.it\/pt\/termos-e-condicoes\/\" \/>\n<meta property=\"og:site_name\" content=\"Libellula\" \/>\n<meta property=\"article:modified_time\" content=\"2025-07-01T06:23:56+00:00\" \/>\n<meta name=\"twitter:card\" content=\"summary_large_image\" \/>\n<meta name=\"twitter:label1\" content=\"Tempo estimado de leitura\" \/>\n\t<meta name=\"twitter:data1\" content=\"8 minutos\" \/>\n<script type=\"application\/ld+json\" class=\"yoast-schema-graph\">{\"@context\":\"https:\/\/schema.org\",\"@graph\":[{\"@type\":\"WebPage\",\"@id\":\"https:\/\/libellula.webstaging.it\/de\/bedingungen-und-konditionen\/\",\"url\":\"https:\/\/libellula.webstaging.it\/de\/bedingungen-und-konditionen\/\",\"name\":\"Termini e condizioni - Libellula\",\"isPartOf\":{\"@id\":\"https:\/\/libellula.webstaging.it\/#website\"},\"datePublished\":\"2025-07-01T06:21:47+00:00\",\"dateModified\":\"2025-07-01T06:23:56+00:00\",\"breadcrumb\":{\"@id\":\"https:\/\/libellula.webstaging.it\/de\/bedingungen-und-konditionen\/#breadcrumb\"},\"inLanguage\":\"pt-PT\",\"potentialAction\":[{\"@type\":\"ReadAction\",\"target\":[\"https:\/\/libellula.webstaging.it\/de\/bedingungen-und-konditionen\/\"]}]},{\"@type\":\"BreadcrumbList\",\"@id\":\"https:\/\/libellula.webstaging.it\/de\/bedingungen-und-konditionen\/#breadcrumb\",\"itemListElement\":[{\"@type\":\"ListItem\",\"position\":1,\"name\":\"Home\",\"item\":\"https:\/\/libellula.webstaging.it\/\"},{\"@type\":\"ListItem\",\"position\":2,\"name\":\"Termini e condizioni\"}]},{\"@type\":\"WebSite\",\"@id\":\"https:\/\/libellula.webstaging.it\/#website\",\"url\":\"https:\/\/libellula.webstaging.it\/\",\"name\":\"Libellula\",\"description\":\"\",\"potentialAction\":[{\"@type\":\"SearchAction\",\"target\":{\"@type\":\"EntryPoint\",\"urlTemplate\":\"https:\/\/libellula.webstaging.it\/?s={search_term_string}\"},\"query-input\":{\"@type\":\"PropertyValueSpecification\",\"valueRequired\":true,\"valueName\":\"search_term_string\"}}],\"inLanguage\":\"pt-PT\"}]}<\/script>\n<!-- \/ Yoast SEO Premium plugin. -->","yoast_head_json":{"title":"Termos e condi\u00e7\u00f5es - Libellula","robots":{"index":"index","follow":"follow","max-snippet":"max-snippet:-1","max-image-preview":"max-image-preview:large","max-video-preview":"max-video-preview:-1"},"canonical":"https:\/\/libellula.webstaging.it\/pt\/termos-e-condicoes\/","og_locale":"pt_PT","og_type":"article","og_title":"Termini e condizioni","og_description":"Termini e condizioni Per trattamento dei dati personali si intende qualunque operazione o complesso di operazioni, effettuati anche senza l\u2019ausilio di strumenti elettronici, concernenti la raccolta, la registrazione, l\u2019organizzazione, la conservazione, la consultazione, l\u2019elaborazione, la modificazione , la selezione, l\u2019estrazione, il raffronto, l\u2019utilizzo, l\u2019interconnessione, il blocco, la comunicazione, la diffusione, la cancellazione e la distruzione [&hellip;]","og_url":"https:\/\/libellula.webstaging.it\/pt\/termos-e-condicoes\/","og_site_name":"Libellula","article_modified_time":"2025-07-01T06:23:56+00:00","twitter_card":"summary_large_image","twitter_misc":{"Tempo estimado de leitura":"8 minutos"},"schema":{"@context":"https:\/\/schema.org","@graph":[{"@type":"WebPage","@id":"https:\/\/libellula.webstaging.it\/de\/bedingungen-und-konditionen\/","url":"https:\/\/libellula.webstaging.it\/de\/bedingungen-und-konditionen\/","name":"Termos e condi\u00e7\u00f5es - Libellula","isPartOf":{"@id":"https:\/\/libellula.webstaging.it\/#website"},"datePublished":"2025-07-01T06:21:47+00:00","dateModified":"2025-07-01T06:23:56+00:00","breadcrumb":{"@id":"https:\/\/libellula.webstaging.it\/de\/bedingungen-und-konditionen\/#breadcrumb"},"inLanguage":"pt-PT","potentialAction":[{"@type":"ReadAction","target":["https:\/\/libellula.webstaging.it\/de\/bedingungen-und-konditionen\/"]}]},{"@type":"BreadcrumbList","@id":"https:\/\/libellula.webstaging.it\/de\/bedingungen-und-konditionen\/#breadcrumb","itemListElement":[{"@type":"ListItem","position":1,"name":"Home","item":"https:\/\/libellula.webstaging.it\/"},{"@type":"ListItem","position":2,"name":"Termini e condizioni"}]},{"@type":"WebSite","@id":"https:\/\/libellula.webstaging.it\/#website","url":"https:\/\/libellula.webstaging.it\/","name":"Libellula","description":"","potentialAction":[{"@type":"SearchAction","target":{"@type":"EntryPoint","urlTemplate":"https:\/\/libellula.webstaging.it\/?s={search_term_string}"},"query-input":{"@type":"PropertyValueSpecification","valueRequired":true,"valueName":"search_term_string"}}],"inLanguage":"pt-PT"}]}},"_links":{"self":[{"href":"https:\/\/libellula.webstaging.it\/pt\/wp-json\/wp\/v2\/pages\/2567","targetHints":{"allow":["GET"]}}],"collection":[{"href":"https:\/\/libellula.webstaging.it\/pt\/wp-json\/wp\/v2\/pages"}],"about":[{"href":"https:\/\/libellula.webstaging.it\/pt\/wp-json\/wp\/v2\/types\/page"}],"author":[{"embeddable":true,"href":"https:\/\/libellula.webstaging.it\/pt\/wp-json\/wp\/v2\/users\/1"}],"replies":[{"embeddable":true,"href":"https:\/\/libellula.webstaging.it\/pt\/wp-json\/wp\/v2\/comments?post=2567"}],"version-history":[{"count":4,"href":"https:\/\/libellula.webstaging.it\/pt\/wp-json\/wp\/v2\/pages\/2567\/revisions"}],"predecessor-version":[{"id":2571,"href":"https:\/\/libellula.webstaging.it\/pt\/wp-json\/wp\/v2\/pages\/2567\/revisions\/2571"}],"wp:attachment":[{"href":"https:\/\/libellula.webstaging.it\/pt\/wp-json\/wp\/v2\/media?parent=2567"}],"curies":[{"name":"wp","href":"https:\/\/api.w.org\/{rel}","templated":true}]}}