{"id":285,"date":"2025-04-08T10:32:09","date_gmt":"2025-04-08T10:32:09","guid":{"rendered":"https:\/\/libellula.webstaging.it\/?page_id=285"},"modified":"2025-10-02T09:07:04","modified_gmt":"2025-10-02T09:07:04","slug":"projets","status":"publish","type":"page","link":"https:\/\/libellula.webstaging.it\/fr\/projets\/","title":{"rendered":"Projets"},"content":{"rendered":"<div data-elementor-type=\"wp-page\" data-elementor-id=\"285\" class=\"elementor elementor-285\" data-elementor-post-type=\"page\">\n\t\t\t\t<div class=\"elementor-element elementor-element-7d675b1 e-flex e-con-boxed e-con e-parent\" data-id=\"7d675b1\" data-element_type=\"container\" data-e-type=\"container\">\n\t\t\t\t\t<div class=\"e-con-inner\">\n\t\t\t\t<div class=\"elementor-element elementor-element-3fae475 elementor-icon-list--layout-inline elementor-align-center elementor-hidden-mobile elementor-list-item-link-full_width elementor-widget elementor-widget-icon-list\" data-id=\"3fae475\" data-element_type=\"widget\" data-e-type=\"widget\" data-widget_type=\"icon-list.default\">\n\t\t\t\t<div class=\"elementor-widget-container\">\n\t\t\t\t\t\t\t<ul class=\"elementor-icon-list-items elementor-inline-items\">\n\t\t\t\t\t\t\t<li class=\"elementor-icon-list-item elementor-inline-item\">\n\t\t\t\t\t\t\t\t\t\t\t<a href=\"https:\/\/libellula.webstaging.it\/fr\">\n\n\t\t\t\t\t\t\t\t\t\t\t<span class=\"elementor-icon-list-text\">Accueil<\/span>\n\t\t\t\t\t\t\t\t\t\t\t<\/a>\n\t\t\t\t\t\t\t\t\t<\/li>\n\t\t\t\t\t\t\t\t<li class=\"elementor-icon-list-item elementor-inline-item\">\n\t\t\t\t\t\t\t\t\t\t\t<a href=\"https:\/\/libellula.webstaging.it\/fr\/nouvelles\/\">\n\n\t\t\t\t\t\t\t\t\t\t\t<span class=\"elementor-icon-list-text\">| Nouvelles et \u00e9v\u00e9nements<\/span>\n\t\t\t\t\t\t\t\t\t\t\t<\/a>\n\t\t\t\t\t\t\t\t\t<\/li>\n\t\t\t\t\t\t\t\t<li class=\"elementor-icon-list-item elementor-inline-item\">\n\t\t\t\t\t\t\t\t\t\t\t<a href=\"https:\/\/libellula.webstaging.it\/fr\/projets\/\">\n\n\t\t\t\t\t\t\t\t\t\t\t<span class=\"elementor-icon-list-text\">| Projets<\/span>\n\t\t\t\t\t\t\t\t\t\t\t<\/a>\n\t\t\t\t\t\t\t\t\t<\/li>\n\t\t\t\t\t\t<\/ul>\n\t\t\t\t\t\t<\/div>\n\t\t\t\t<\/div>\n\t\t\t\t<div class=\"elementor-element elementor-element-8330d38 elementor-widget__width-initial elementor-hidden-mobile elementor-widget elementor-widget-heading\" data-id=\"8330d38\" data-element_type=\"widget\" data-e-type=\"widget\" data-widget_type=\"heading.default\">\n\t\t\t\t<div class=\"elementor-widget-container\">\n\t\t\t\t\t<h1 class=\"elementor-heading-title elementor-size-default\">NOUVELLES ET \u00c9V\u00c9NEMENTS<\/h1>\t\t\t\t<\/div>\n\t\t\t\t<\/div>\n\t\t\t\t<div class=\"elementor-element elementor-element-ba58788 elementor-widget elementor-widget-text-editor\" data-id=\"ba58788\" data-element_type=\"widget\" data-e-type=\"widget\" data-widget_type=\"text-editor.default\">\n\t\t\t\t<div class=\"elementor-widget-container\">\n\t\t\t\t\t\t\t\t\t<p>PROJETS<\/p>\t\t\t\t\t\t\t\t<\/div>\n\t\t\t\t<\/div>\n\t\t\t\t<div class=\"elementor-element elementor-element-93bf725 elementor-widget__width-initial elementor-widget elementor-widget-heading\" data-id=\"93bf725\" data-element_type=\"widget\" data-e-type=\"widget\" data-widget_type=\"heading.default\">\n\t\t\t\t<div class=\"elementor-widget-container\">\n\t\t\t\t\t<h2 class=\"elementor-heading-title elementor-size-default\">Nous collaborons, nous construisons, nous partageons, <p>\ndonnant lieu \u00e0 <span style=\"color: #B01B24\">des connexions et des opportunit\u00e9s. <\/p><\/h2>\t\t\t\t<\/div>\n\t\t\t\t<\/div>\n\t\t\t\t\t<\/div>\n\t\t\t\t<\/div>\n\t\t<div class=\"elementor-element elementor-element-c2b73e7 e-flex e-con-boxed e-con e-parent\" data-id=\"c2b73e7\" data-element_type=\"container\" data-e-type=\"container\">\n\t\t\t\t\t<div class=\"e-con-inner\">\n\t\t<div class=\"elementor-element elementor-element-5663f83 e-con-full e-flex e-con e-child\" data-id=\"5663f83\" data-element_type=\"container\" data-e-type=\"container\">\n\t\t<div class=\"elementor-element elementor-element-288e197 e-con-full e-flex e-con e-child\" data-id=\"288e197\" data-element_type=\"container\" data-e-type=\"container\">\n\t\t<div class=\"elementor-element elementor-element-660dffb e-con-full e-flex e-con e-child\" data-id=\"660dffb\" data-element_type=\"container\" data-e-type=\"container\">\n\t\t\t\t<div class=\"elementor-element elementor-element-ca15379 elementor-widget elementor-widget-image\" data-id=\"ca15379\" data-element_type=\"widget\" data-e-type=\"widget\" data-widget_type=\"image.default\">\n\t\t\t\t<div class=\"elementor-widget-container\">\n\t\t\t\t\t\t\t\t\t\t\t\t\t\t\t\t<a href=\"https:\/\/libellula.webstaging.it\/fr\/evenements-dactualite\/\">\n\t\t\t\t\t\t\t<img decoding=\"async\" width=\"74\" height=\"74\" data-src=\"https:\/\/libellula.webstaging.it\/wp-content\/uploads\/2025\/04\/Group-203.svg\" class=\"attachment-full size-full wp-image-186 lazyload\" alt=\"\" src=\"data:image\/svg+xml;base64,PHN2ZyB3aWR0aD0iMSIgaGVpZ2h0PSIxIiB4bWxucz0iaHR0cDovL3d3dy53My5vcmcvMjAwMC9zdmciPjwvc3ZnPg==\" style=\"--smush-placeholder-width: 74px; --smush-placeholder-aspect-ratio: 74\/74;\" \/>\t\t\t\t\t\t\t\t<\/a>\n\t\t\t\t\t\t\t\t\t\t\t\t\t\t\t<\/div>\n\t\t\t\t<\/div>\n\t\t\t\t<div class=\"elementor-element elementor-element-4868b06 elementor-widget elementor-widget-text-editor\" data-id=\"4868b06\" data-element_type=\"widget\" data-e-type=\"widget\" data-widget_type=\"text-editor.default\">\n\t\t\t\t<div class=\"elementor-widget-container\">\n\t\t\t\t\t\t\t\t\t<p>Aller \u00e0<br \/>nouvelles<\/p>\t\t\t\t\t\t\t\t<\/div>\n\t\t\t\t<\/div>\n\t\t\t\t<\/div>\n\t\t<div class=\"elementor-element elementor-element-c4b85ba e-con-full e-flex e-con e-child\" data-id=\"c4b85ba\" data-element_type=\"container\" data-e-type=\"container\">\n\t\t\t\t<div class=\"elementor-element elementor-element-7a4eeed elementor-widget elementor-widget-image\" data-id=\"7a4eeed\" data-element_type=\"widget\" data-e-type=\"widget\" data-widget_type=\"image.default\">\n\t\t\t\t<div class=\"elementor-widget-container\">\n\t\t\t\t\t\t\t\t\t\t\t\t\t\t\t\t<a href=\"https:\/\/libellula.webstaging.it\/fr\/foires-commerciales\/\">\n\t\t\t\t\t\t\t<img decoding=\"async\" width=\"74\" height=\"74\" data-src=\"https:\/\/libellula.webstaging.it\/wp-content\/uploads\/2025\/04\/Group-203.svg\" class=\"attachment-full size-full wp-image-186 lazyload\" alt=\"\" src=\"data:image\/svg+xml;base64,PHN2ZyB3aWR0aD0iMSIgaGVpZ2h0PSIxIiB4bWxucz0iaHR0cDovL3d3dy53My5vcmcvMjAwMC9zdmciPjwvc3ZnPg==\" style=\"--smush-placeholder-width: 74px; --smush-placeholder-aspect-ratio: 74\/74;\" \/>\t\t\t\t\t\t\t\t<\/a>\n\t\t\t\t\t\t\t\t\t\t\t\t\t\t\t<\/div>\n\t\t\t\t<\/div>\n\t\t\t\t<div class=\"elementor-element elementor-element-6289a0f elementor-widget elementor-widget-text-editor\" data-id=\"6289a0f\" data-element_type=\"widget\" data-e-type=\"widget\" data-widget_type=\"text-editor.default\">\n\t\t\t\t<div class=\"elementor-widget-container\">\n\t\t\t\t\t\t\t\t\t<p>Aller \u00e0<br \/>foires commerciales<\/p>\t\t\t\t\t\t\t\t<\/div>\n\t\t\t\t<\/div>\n\t\t\t\t<\/div>\n\t\t\t\t<\/div>\n\t\t\t\t<\/div>\n\t\t<div class=\"elementor-element elementor-element-2179a96 e-con-full e-flex e-con e-child\" data-id=\"2179a96\" data-element_type=\"container\" data-e-type=\"container\">\n\t\t\t\t<div class=\"elementor-element elementor-element-08899e5 elementor-hidden-mobile elementor-widget elementor-widget-text-editor\" data-id=\"08899e5\" data-element_type=\"widget\" data-e-type=\"widget\" data-widget_type=\"text-editor.default\">\n\t\t\t\t<div class=\"elementor-widget-container\">\n\t\t\t\t\t\t\t\t\t<p>PROJETS<\/p>\t\t\t\t\t\t\t\t<\/div>\n\t\t\t\t<\/div>\n\t\t\t\t<div class=\"elementor-element elementor-element-eec04bf elementor-widget-divider--view-line elementor-widget elementor-widget-divider\" data-id=\"eec04bf\" data-element_type=\"widget\" data-e-type=\"widget\" data-widget_type=\"divider.default\">\n\t\t\t\t<div class=\"elementor-widget-container\">\n\t\t\t\t\t\t\t<div class=\"elementor-divider\">\n\t\t\t<span class=\"elementor-divider-separator\">\n\t\t\t\t\t\t<\/span>\n\t\t<\/div>\n\t\t\t\t\t\t<\/div>\n\t\t\t\t<\/div>\n\t\t\t\t<\/div>\n\t\t\t\t\t<\/div>\n\t\t\t\t<\/div>\n\t\t<div class=\"elementor-element elementor-element-287f5eb e-flex e-con-boxed e-con e-parent\" data-id=\"287f5eb\" data-element_type=\"container\" data-e-type=\"container\">\n\t\t\t\t\t<div class=\"e-con-inner\">\n\t\t\t\t<div class=\"elementor-element elementor-element-04fe7a7 elementor-widget elementor-widget-jet-listing-grid\" data-id=\"04fe7a7\" data-element_type=\"widget\" data-e-type=\"widget\" data-settings=\"{&quot;columns&quot;:3,&quot;columns_mobile&quot;:&quot;1&quot;}\" data-widget_type=\"jet-listing-grid.default\">\n\t\t\t\t<div class=\"elementor-widget-container\">\n\t\t\t\t\t<div class=\"jet-listing-grid jet-listing\"><div class=\"jet-listing-grid__items grid-col-desk-3 grid-col-tablet-3 grid-col-mobile-1 jet-listing-grid--277\" data-queried-id=\"285|WP_Post\" data-nav=\"{&quot;enabled&quot;:false,&quot;type&quot;:null,&quot;more_el&quot;:null,&quot;query&quot;:[],&quot;widget_settings&quot;:{&quot;lisitng_id&quot;:277,&quot;posts_num&quot;:9,&quot;columns&quot;:3,&quot;columns_tablet&quot;:3,&quot;columns_mobile&quot;:1,&quot;column_min_width&quot;:240,&quot;column_min_width_tablet&quot;:240,&quot;column_min_width_mobile&quot;:240,&quot;inline_columns_css&quot;:false,&quot;is_archive_template&quot;:&quot;&quot;,&quot;post_status&quot;:[&quot;publish&quot;],&quot;use_random_posts_num&quot;:&quot;&quot;,&quot;max_posts_num&quot;:9,&quot;not_found_message&quot;:&quot;No data was found&quot;,&quot;is_masonry&quot;:false,&quot;equal_columns_height&quot;:&quot;&quot;,&quot;use_load_more&quot;:&quot;&quot;,&quot;load_more_id&quot;:&quot;&quot;,&quot;load_more_type&quot;:&quot;click&quot;,&quot;load_more_offset&quot;:{&quot;unit&quot;:&quot;px&quot;,&quot;size&quot;:0,&quot;sizes&quot;:[]},&quot;use_custom_post_types&quot;:&quot;&quot;,&quot;custom_post_types&quot;:[],&quot;hide_widget_if&quot;:&quot;&quot;,&quot;carousel_enabled&quot;:&quot;&quot;,&quot;slides_to_scroll&quot;:&quot;1&quot;,&quot;arrows&quot;:&quot;true&quot;,&quot;arrow_icon&quot;:&quot;fa fa-angle-left&quot;,&quot;dots&quot;:&quot;&quot;,&quot;autoplay&quot;:&quot;true&quot;,&quot;pause_on_hover&quot;:&quot;true&quot;,&quot;autoplay_speed&quot;:5000,&quot;infinite&quot;:&quot;true&quot;,&quot;center_mode&quot;:&quot;&quot;,&quot;effect&quot;:&quot;slide&quot;,&quot;speed&quot;:500,&quot;inject_alternative_items&quot;:&quot;&quot;,&quot;injection_items&quot;:[],&quot;scroll_slider_enabled&quot;:&quot;&quot;,&quot;scroll_slider_on&quot;:[&quot;desktop&quot;,&quot;tablet&quot;,&quot;mobile&quot;],&quot;custom_query&quot;:false,&quot;custom_query_id&quot;:&quot;&quot;,&quot;_element_id&quot;:&quot;&quot;,&quot;collapse_first_last_gap&quot;:false,&quot;list_tag_selection&quot;:&quot;&quot;,&quot;list_items_wrapper_tag&quot;:&quot;div&quot;,&quot;list_item_tag&quot;:&quot;div&quot;,&quot;empty_items_wrapper_tag&quot;:&quot;div&quot;}}\" data-page=\"1\" data-pages=\"1\" data-listing-source=\"posts\" data-listing-id=\"277\" data-query-id=\"\"><div class=\"jet-listing-grid__item jet-listing-dynamic-post-2877\" data-post-id=\"2877\"  ><style type=\"text\/css\">.jet-listing-dynamic-post-2877 .elementor-element.elementor-element-511d045:not(.elementor-motion-effects-element-type-background), .jet-listing-dynamic-post-2877 .elementor-element.elementor-element-511d045 > .elementor-motion-effects-container > .elementor-motion-effects-layer{background-image:url(\"https:\/\/libellula.webstaging.it\/wp-content\/uploads\/2025\/07\/20241001_085441-1-1-scaled.jpg\");}<\/style>\t\t<div data-elementor-type=\"jet-listing-items\" data-elementor-id=\"277\" class=\"elementor elementor-277\" data-elementor-post-type=\"jet-engine\">\n\t\t\t\t<div class=\"elementor-element elementor-element-8df96b6 e-flex e-con-boxed e-con e-parent\" data-id=\"8df96b6\" data-element_type=\"container\" data-e-type=\"container\">\n\t\t\t\t\t<div class=\"e-con-inner\">\n\t\t<div class=\"elementor-element elementor-element-511d045 e-con-full e-flex e-con e-child\" data-id=\"511d045\" data-element_type=\"container\" data-e-type=\"container\" data-settings=\"{&quot;background_background&quot;:&quot;classic&quot;}\">\n\t\t<div class=\"elementor-element elementor-element-e65f9e8 e-con-full e-flex e-con e-child\" data-id=\"e65f9e8\" data-element_type=\"container\" data-e-type=\"container\" data-settings=\"{&quot;background_background&quot;:&quot;classic&quot;}\">\n\t\t\t\t<div class=\"elementor-element elementor-element-d5bc7ac elementor-align-center elementor-widget elementor-widget-button\" data-id=\"d5bc7ac\" data-element_type=\"widget\" data-e-type=\"widget\" data-widget_type=\"button.default\">\n\t\t\t\t<div class=\"elementor-widget-container\">\n\t\t\t\t\t\t\t\t\t<div class=\"elementor-button-wrapper\">\n\t\t\t\t\t<a class=\"elementor-button elementor-button-link elementor-size-sm\" href=\"https:\/\/libellula.webstaging.it\/fr\/projets\/libellula-presente-lesprit-de-la-pause\/\">\n\t\t\t\t\t\t<span class=\"elementor-button-content-wrapper\">\n\t\t\t\t\t\t\t\t\t<span class=\"elementor-button-text\">Lire la nouvelle<\/span>\n\t\t\t\t\t<\/span>\n\t\t\t\t\t<\/a>\n\t\t\t\t<\/div>\n\t\t\t\t\t\t\t\t<\/div>\n\t\t\t\t<\/div>\n\t\t\t\t<\/div>\n\t\t\t\t<\/div>\n\t\t\t\t<div class=\"elementor-element elementor-element-a383347 elementor-widget elementor-widget-text-editor\" data-id=\"a383347\" data-element_type=\"widget\" data-e-type=\"widget\" data-widget_type=\"text-editor.default\">\n\t\t\t\t<div class=\"elementor-widget-container\">\n\t\t\t\t\t\t\t\t\t<p>Libellula pr\u00e9sente \"Mind The Break\" : un projet d'entreprise pour le bien-\u00eatre des employ\u00e9s, un pas vers l'environnement\t\t\t\t\t\t\t\t<\/div>\n\t\t\t\t<\/div>\n\t\t\t\t\t<\/div>\n\t\t\t\t<\/div>\n\t\t\t\t<\/div>\n\t\t<\/div><div class=\"jet-listing-grid__item jet-listing-dynamic-post-2509\" data-post-id=\"2509\"  ><style type=\"text\/css\">.jet-listing-dynamic-post-2509 .elementor-element.elementor-element-511d045:not(.elementor-motion-effects-element-type-background), .jet-listing-dynamic-post-2509 .elementor-element.elementor-element-511d045 > .elementor-motion-effects-container > .elementor-motion-effects-layer{background-image:url(\"https:\/\/libellula.webstaging.it\/wp-content\/uploads\/2025\/06\/Essenzialmente-Libellula.jpg\");}<\/style>\t\t<div data-elementor-type=\"jet-listing-items\" data-elementor-id=\"277\" class=\"elementor elementor-277\" data-elementor-post-type=\"jet-engine\">\n\t\t\t\t<div class=\"elementor-element elementor-element-8df96b6 e-flex e-con-boxed e-con e-parent\" data-id=\"8df96b6\" data-element_type=\"container\" data-e-type=\"container\">\n\t\t\t\t\t<div class=\"e-con-inner\">\n\t\t<div class=\"elementor-element elementor-element-511d045 e-con-full e-flex e-con e-child\" data-id=\"511d045\" data-element_type=\"container\" data-e-type=\"container\" data-settings=\"{&quot;background_background&quot;:&quot;classic&quot;}\">\n\t\t<div class=\"elementor-element elementor-element-e65f9e8 e-con-full e-flex e-con e-child\" data-id=\"e65f9e8\" data-element_type=\"container\" data-e-type=\"container\" data-settings=\"{&quot;background_background&quot;:&quot;classic&quot;}\">\n\t\t\t\t<div class=\"elementor-element elementor-element-d5bc7ac elementor-align-center elementor-widget elementor-widget-button\" data-id=\"d5bc7ac\" data-element_type=\"widget\" data-e-type=\"widget\" data-widget_type=\"button.default\">\n\t\t\t\t<div class=\"elementor-widget-container\">\n\t\t\t\t\t\t\t\t\t<div class=\"elementor-button-wrapper\">\n\t\t\t\t\t<a class=\"elementor-button elementor-button-link elementor-size-sm\" href=\"https:\/\/libellula.webstaging.it\/fr\/projets\/essentiellement-libellula\/\">\n\t\t\t\t\t\t<span class=\"elementor-button-content-wrapper\">\n\t\t\t\t\t\t\t\t\t<span class=\"elementor-button-text\">Lire la nouvelle<\/span>\n\t\t\t\t\t<\/span>\n\t\t\t\t\t<\/a>\n\t\t\t\t<\/div>\n\t\t\t\t\t\t\t\t<\/div>\n\t\t\t\t<\/div>\n\t\t\t\t<\/div>\n\t\t\t\t<\/div>\n\t\t\t\t<div class=\"elementor-element elementor-element-a383347 elementor-widget elementor-widget-text-editor\" data-id=\"a383347\" data-element_type=\"widget\" data-e-type=\"widget\" data-widget_type=\"text-editor.default\">\n\t\t\t\t<div class=\"elementor-widget-container\">\n\t\t\t\t\t\t\t\t\t<p>Libellula, la premi\u00e8re SSII avec une marque olfactiveEssentiellement Libellula est le parfum n\u00e9 d'un processus de co-cr\u00e9ation d'entreprise\t\t\t\t\t\t\t\t<\/div>\n\t\t\t\t<\/div>\n\t\t\t\t\t<\/div>\n\t\t\t\t<\/div>\n\t\t\t\t<\/div>\n\t\t<\/div><\/div><\/div>\t\t\t\t<\/div>\n\t\t\t\t<\/div>\n\t\t\t\t\t<\/div>\n\t\t\t\t<\/div>\n\t\t<div class=\"elementor-element elementor-element-351ad17 e-flex e-con-boxed e-con e-parent\" data-id=\"351ad17\" data-element_type=\"container\" data-e-type=\"container\">\n\t\t\t\t\t<div class=\"e-con-inner\">\n\t\t\t\t<div class=\"elementor-element elementor-element-15c0d5a elementor-widget elementor-widget-jet-smart-filters-pagination\" data-id=\"15c0d5a\" data-element_type=\"widget\" data-e-type=\"widget\" data-widget_type=\"jet-smart-filters-pagination.default\">\n\t\t\t\t<div class=\"elementor-widget-container\">\n\t\t\t\t\t<div\n\t\t\t\tclass=\"jet-smart-filters-pagination jet-filter\"\n\t\t\t\tdata-apply-provider=\"jet-engine\"\n\t\t\t\tdata-content-provider=\"jet-engine\"\n\t\t\t\tdata-query-id=\"query\"\n\t\t\t\tdata-controls=\"{&quot;items_enabled&quot;:true,&quot;pages_mid_size&quot;:0,&quot;pages_end_size&quot;:0,&quot;nav_enabled&quot;:true,&quot;prev&quot;:&quot;Indietro&quot;,&quot;next&quot;:&quot;Avanti&quot;,&quot;hide_inactive_nav&quot;:true,&quot;load_more_enabled&quot;:false,&quot;provider_top_offset&quot;:0}\"\n\t\t\t\tdata-apply-type=\"ajax\"\n\t\t\t><\/div>\t\t\t\t<\/div>\n\t\t\t\t<\/div>\n\t\t\t\t\t<\/div>\n\t\t\t\t<\/div>\n\t\t\t\t<\/div>","protected":false},"excerpt":{"rendered":"<p>Home | News &amp; Eventi | Progetti NEWS &amp; EVENTI PROGETTI Collaboriamo, costruiamo, condividiamo, dando vita a connessioni e opportunit\u00e0. Vai anews Vai afiere PROGETTI Leggi la news Leggi la news<\/p>","protected":false},"author":1,"featured_media":0,"parent":0,"menu_order":0,"comment_status":"closed","ping_status":"closed","template":"elementor_header_footer","meta":{"footnotes":""},"class_list":["post-285","page","type-page","status-publish","hentry"],"yoast_head":"<!-- This site is optimized with the Yoast SEO Premium plugin v26.1 (Yoast SEO v26.1) - https:\/\/yoast.com\/wordpress\/plugins\/seo\/ -->\n<title>Progetti - Libellula<\/title>\n<meta name=\"robots\" content=\"index, follow, max-snippet:-1, max-image-preview:large, max-video-preview:-1\" \/>\n<link rel=\"canonical\" href=\"https:\/\/libellula.webstaging.it\/fr\/projets\/\" \/>\n<meta property=\"og:locale\" content=\"fr_FR\" \/>\n<meta property=\"og:type\" content=\"article\" \/>\n<meta property=\"og:title\" content=\"Progetti\" \/>\n<meta property=\"og:description\" content=\"Home | News &amp; Eventi | Progetti NEWS &amp; EVENTI PROGETTI Collaboriamo, costruiamo, condividiamo, dando vita a connessioni e opportunit\u00e0. Vai anews Vai afiere PROGETTI Leggi la news Leggi la news\" \/>\n<meta property=\"og:url\" content=\"https:\/\/libellula.webstaging.it\/fr\/projets\/\" \/>\n<meta property=\"og:site_name\" content=\"Libellula\" \/>\n<meta property=\"article:modified_time\" content=\"2025-10-02T09:07:04+00:00\" \/>\n<meta property=\"og:image\" content=\"http:\/\/libellula.webstaging.it\/wp-content\/uploads\/2025\/04\/Group-203.svg\" \/>\n<meta name=\"twitter:card\" content=\"summary_large_image\" \/>\n<script type=\"application\/ld+json\" class=\"yoast-schema-graph\">{\"@context\":\"https:\/\/schema.org\",\"@graph\":[{\"@type\":\"WebPage\",\"@id\":\"https:\/\/libellula.webstaging.it\/progetti\/\",\"url\":\"https:\/\/libellula.webstaging.it\/progetti\/\",\"name\":\"Progetti - Libellula\",\"isPartOf\":{\"@id\":\"https:\/\/libellula.webstaging.it\/#website\"},\"primaryImageOfPage\":{\"@id\":\"https:\/\/libellula.webstaging.it\/progetti\/#primaryimage\"},\"image\":{\"@id\":\"https:\/\/libellula.webstaging.it\/progetti\/#primaryimage\"},\"thumbnailUrl\":\"http:\/\/libellula.webstaging.it\/wp-content\/uploads\/2025\/04\/Group-203.svg\",\"datePublished\":\"2025-04-08T10:32:09+00:00\",\"dateModified\":\"2025-10-02T09:07:04+00:00\",\"breadcrumb\":{\"@id\":\"https:\/\/libellula.webstaging.it\/progetti\/#breadcrumb\"},\"inLanguage\":\"fr-FR\",\"potentialAction\":[{\"@type\":\"ReadAction\",\"target\":[\"https:\/\/libellula.webstaging.it\/progetti\/\"]}]},{\"@type\":\"ImageObject\",\"inLanguage\":\"fr-FR\",\"@id\":\"https:\/\/libellula.webstaging.it\/progetti\/#primaryimage\",\"url\":\"http:\/\/libellula.webstaging.it\/wp-content\/uploads\/2025\/04\/Group-203.svg\",\"contentUrl\":\"http:\/\/libellula.webstaging.it\/wp-content\/uploads\/2025\/04\/Group-203.svg\"},{\"@type\":\"BreadcrumbList\",\"@id\":\"https:\/\/libellula.webstaging.it\/progetti\/#breadcrumb\",\"itemListElement\":[{\"@type\":\"ListItem\",\"position\":1,\"name\":\"Home\",\"item\":\"https:\/\/libellula.webstaging.it\/\"},{\"@type\":\"ListItem\",\"position\":2,\"name\":\"Progetti\"}]},{\"@type\":\"WebSite\",\"@id\":\"https:\/\/libellula.webstaging.it\/#website\",\"url\":\"https:\/\/libellula.webstaging.it\/\",\"name\":\"Libellula\",\"description\":\"\",\"potentialAction\":[{\"@type\":\"SearchAction\",\"target\":{\"@type\":\"EntryPoint\",\"urlTemplate\":\"https:\/\/libellula.webstaging.it\/?s={search_term_string}\"},\"query-input\":{\"@type\":\"PropertyValueSpecification\",\"valueRequired\":true,\"valueName\":\"search_term_string\"}}],\"inLanguage\":\"fr-FR\"}]}<\/script>\n<!-- \/ Yoast SEO Premium plugin. -->","yoast_head_json":{"title":"Projets - Libellula","robots":{"index":"index","follow":"follow","max-snippet":"max-snippet:-1","max-image-preview":"max-image-preview:large","max-video-preview":"max-video-preview:-1"},"canonical":"https:\/\/libellula.webstaging.it\/fr\/projets\/","og_locale":"fr_FR","og_type":"article","og_title":"Progetti","og_description":"Home | News &amp; Eventi | Progetti NEWS &amp; EVENTI PROGETTI Collaboriamo, costruiamo, condividiamo, dando vita a connessioni e opportunit\u00e0. Vai anews Vai afiere PROGETTI Leggi la news Leggi la news","og_url":"https:\/\/libellula.webstaging.it\/fr\/projets\/","og_site_name":"Libellula","article_modified_time":"2025-10-02T09:07:04+00:00","og_image":[{"url":"http:\/\/libellula.webstaging.it\/wp-content\/uploads\/2025\/04\/Group-203.svg","type":"","width":"","height":""}],"twitter_card":"summary_large_image","schema":{"@context":"https:\/\/schema.org","@graph":[{"@type":"WebPage","@id":"https:\/\/libellula.webstaging.it\/progetti\/","url":"https:\/\/libellula.webstaging.it\/progetti\/","name":"Projets - Libellula","isPartOf":{"@id":"https:\/\/libellula.webstaging.it\/#website"},"primaryImageOfPage":{"@id":"https:\/\/libellula.webstaging.it\/progetti\/#primaryimage"},"image":{"@id":"https:\/\/libellula.webstaging.it\/progetti\/#primaryimage"},"thumbnailUrl":"http:\/\/libellula.webstaging.it\/wp-content\/uploads\/2025\/04\/Group-203.svg","datePublished":"2025-04-08T10:32:09+00:00","dateModified":"2025-10-02T09:07:04+00:00","breadcrumb":{"@id":"https:\/\/libellula.webstaging.it\/progetti\/#breadcrumb"},"inLanguage":"fr-FR","potentialAction":[{"@type":"ReadAction","target":["https:\/\/libellula.webstaging.it\/progetti\/"]}]},{"@type":"ImageObject","inLanguage":"fr-FR","@id":"https:\/\/libellula.webstaging.it\/progetti\/#primaryimage","url":"http:\/\/libellula.webstaging.it\/wp-content\/uploads\/2025\/04\/Group-203.svg","contentUrl":"http:\/\/libellula.webstaging.it\/wp-content\/uploads\/2025\/04\/Group-203.svg"},{"@type":"BreadcrumbList","@id":"https:\/\/libellula.webstaging.it\/progetti\/#breadcrumb","itemListElement":[{"@type":"ListItem","position":1,"name":"Home","item":"https:\/\/libellula.webstaging.it\/"},{"@type":"ListItem","position":2,"name":"Progetti"}]},{"@type":"WebSite","@id":"https:\/\/libellula.webstaging.it\/#website","url":"https:\/\/libellula.webstaging.it\/","name":"Libellula","description":"","potentialAction":[{"@type":"SearchAction","target":{"@type":"EntryPoint","urlTemplate":"https:\/\/libellula.webstaging.it\/?s={search_term_string}"},"query-input":{"@type":"PropertyValueSpecification","valueRequired":true,"valueName":"search_term_string"}}],"inLanguage":"fr-FR"}]}},"_links":{"self":[{"href":"https:\/\/libellula.webstaging.it\/fr\/wp-json\/wp\/v2\/pages\/285","targetHints":{"allow":["GET"]}}],"collection":[{"href":"https:\/\/libellula.webstaging.it\/fr\/wp-json\/wp\/v2\/pages"}],"about":[{"href":"https:\/\/libellula.webstaging.it\/fr\/wp-json\/wp\/v2\/types\/page"}],"author":[{"embeddable":true,"href":"https:\/\/libellula.webstaging.it\/fr\/wp-json\/wp\/v2\/users\/1"}],"replies":[{"embeddable":true,"href":"https:\/\/libellula.webstaging.it\/fr\/wp-json\/wp\/v2\/comments?post=285"}],"version-history":[{"count":43,"href":"https:\/\/libellula.webstaging.it\/fr\/wp-json\/wp\/v2\/pages\/285\/revisions"}],"predecessor-version":[{"id":6945,"href":"https:\/\/libellula.webstaging.it\/fr\/wp-json\/wp\/v2\/pages\/285\/revisions\/6945"}],"wp:attachment":[{"href":"https:\/\/libellula.webstaging.it\/fr\/wp-json\/wp\/v2\/media?parent=285"}],"curies":[{"name":"wp","href":"https:\/\/api.w.org\/{rel}","templated":true}]}}