{"id":2572,"date":"2025-07-01T06:25:15","date_gmt":"2025-07-01T06:25:15","guid":{"rendered":"https:\/\/libellula.webstaging.it\/?page_id=2572"},"modified":"2025-07-01T06:27:40","modified_gmt":"2025-07-01T06:27:40","slug":"politique-de-confidentialite","status":"publish","type":"page","link":"https:\/\/libellula.webstaging.it\/fr\/politique-de-confidentialite\/","title":{"rendered":"Politique de confidentialit\u00e9"},"content":{"rendered":"<div data-elementor-type=\"wp-page\" data-elementor-id=\"2572\" class=\"elementor elementor-2572\" data-elementor-post-type=\"page\">\n\t\t\t\t<div class=\"elementor-element elementor-element-95b4ecf e-flex e-con-boxed e-con e-parent\" data-id=\"95b4ecf\" data-element_type=\"container\" data-e-type=\"container\">\n\t\t\t\t\t<div class=\"e-con-inner\">\n\t\t\t\t\t<\/div>\n\t\t\t\t<\/div>\n\t\t<div class=\"elementor-element elementor-element-05c45e9 e-flex e-con-boxed e-con e-parent\" data-id=\"05c45e9\" data-element_type=\"container\" data-e-type=\"container\">\n\t\t\t\t\t<div class=\"e-con-inner\">\n\t\t\t\t<div class=\"elementor-element elementor-element-5f96e30 elementor-widget elementor-widget-heading\" data-id=\"5f96e30\" data-element_type=\"widget\" data-e-type=\"widget\" data-widget_type=\"heading.default\">\n\t\t\t\t<div class=\"elementor-widget-container\">\n\t\t\t\t\t<h2 class=\"elementor-heading-title elementor-size-default\">Politique de confidentialit\u00e9\n<\/h2>\t\t\t\t<\/div>\n\t\t\t\t<\/div>\n\t\t\t\t<div class=\"elementor-element elementor-element-9bae218 elementor-widget elementor-widget-text-editor\" data-id=\"9bae218\" data-element_type=\"widget\" data-e-type=\"widget\" data-widget_type=\"text-editor.default\">\n\t\t\t\t<div class=\"elementor-widget-container\">\n\t\t\t\t\t\t\t\t\t<p>Les donn\u00e9es publi\u00e9es sur ce site concernant Libellula S.r.l. peuvent \u00eatre utilis\u00e9es par tous ceux qui s'int\u00e9ressent \u00e0 l'entreprise et aux produits et services fournis.<\/p><p>Elles ne peuvent pas \u00eatre utilis\u00e9es par des fournisseurs potentiels ou d'autres parties pour l'envoi de publicit\u00e9 ou de mat\u00e9riel de vente directe ou pour la r\u00e9alisation d'\u00e9tudes de march\u00e9 ou de communications commerciales.<\/p><p>Vous trouverez ci-dessous les divulgations effectu\u00e9es conform\u00e9ment aux articles 12, 13 et 14 du GDPR 2016\/679.<\/p>\t\t\t\t\t\t\t\t<\/div>\n\t\t\t\t<\/div>\n\t\t\t\t\t<\/div>\n\t\t\t\t<\/div>\n\t\t\t\t<\/div>","protected":false},"excerpt":{"rendered":"<p>Privacy policy I dati pubblicati in questo sito, relativi a Libellula S.r.l. possono essere utilizzati da tutti coloro che sono interessati alla societ\u00e0 ed ai prodotti e servizi forniti. Non possono essere utilizzati da potenziali fornitori o da altri soggetti per finalit\u00e0 di invio di materiale pubblicitario o di vendita diretta o per il compimento [&hellip;]<\/p>","protected":false},"author":1,"featured_media":0,"parent":0,"menu_order":0,"comment_status":"closed","ping_status":"closed","template":"elementor_header_footer","meta":{"footnotes":""},"class_list":["post-2572","page","type-page","status-publish","hentry"],"yoast_head":"<!-- This site is optimized with the Yoast SEO Premium plugin v26.1 (Yoast SEO v26.1) - https:\/\/yoast.com\/wordpress\/plugins\/seo\/ -->\n<title>Privacy policy - Libellula<\/title>\n<meta name=\"robots\" content=\"index, follow, max-snippet:-1, max-image-preview:large, max-video-preview:-1\" \/>\n<link rel=\"canonical\" href=\"https:\/\/libellula.webstaging.it\/fr\/politique-de-confidentialite\/\" \/>\n<meta property=\"og:locale\" content=\"fr_FR\" \/>\n<meta property=\"og:type\" content=\"article\" \/>\n<meta property=\"og:title\" content=\"Privacy policy\" \/>\n<meta property=\"og:description\" content=\"Privacy policy I dati pubblicati in questo sito, relativi a Libellula S.r.l. possono essere utilizzati da tutti coloro che sono interessati alla societ\u00e0 ed ai prodotti e servizi forniti. Non possono essere utilizzati da potenziali fornitori o da altri soggetti per finalit\u00e0 di invio di materiale pubblicitario o di vendita diretta o per il compimento [&hellip;]\" \/>\n<meta property=\"og:url\" content=\"https:\/\/libellula.webstaging.it\/fr\/politique-de-confidentialite\/\" \/>\n<meta property=\"og:site_name\" content=\"Libellula\" \/>\n<meta property=\"article:modified_time\" content=\"2025-07-01T06:27:40+00:00\" \/>\n<meta name=\"twitter:card\" content=\"summary_large_image\" \/>\n<script type=\"application\/ld+json\" class=\"yoast-schema-graph\">{\"@context\":\"https:\/\/schema.org\",\"@graph\":[{\"@type\":\"WebPage\",\"@id\":\"https:\/\/libellula.webstaging.it\/privacy-policy\/\",\"url\":\"https:\/\/libellula.webstaging.it\/privacy-policy\/\",\"name\":\"Privacy policy - Libellula\",\"isPartOf\":{\"@id\":\"https:\/\/libellula.webstaging.it\/#website\"},\"datePublished\":\"2025-07-01T06:25:15+00:00\",\"dateModified\":\"2025-07-01T06:27:40+00:00\",\"breadcrumb\":{\"@id\":\"https:\/\/libellula.webstaging.it\/privacy-policy\/#breadcrumb\"},\"inLanguage\":\"fr-FR\",\"potentialAction\":[{\"@type\":\"ReadAction\",\"target\":[\"https:\/\/libellula.webstaging.it\/privacy-policy\/\"]}]},{\"@type\":\"BreadcrumbList\",\"@id\":\"https:\/\/libellula.webstaging.it\/privacy-policy\/#breadcrumb\",\"itemListElement\":[{\"@type\":\"ListItem\",\"position\":1,\"name\":\"Home\",\"item\":\"https:\/\/libellula.webstaging.it\/\"},{\"@type\":\"ListItem\",\"position\":2,\"name\":\"Privacy policy\"}]},{\"@type\":\"WebSite\",\"@id\":\"https:\/\/libellula.webstaging.it\/#website\",\"url\":\"https:\/\/libellula.webstaging.it\/\",\"name\":\"Libellula\",\"description\":\"\",\"potentialAction\":[{\"@type\":\"SearchAction\",\"target\":{\"@type\":\"EntryPoint\",\"urlTemplate\":\"https:\/\/libellula.webstaging.it\/?s={search_term_string}\"},\"query-input\":{\"@type\":\"PropertyValueSpecification\",\"valueRequired\":true,\"valueName\":\"search_term_string\"}}],\"inLanguage\":\"fr-FR\"}]}<\/script>\n<!-- \/ Yoast SEO Premium plugin. -->","yoast_head_json":{"title":"Politique de confidentialit\u00e9 - Libellula","robots":{"index":"index","follow":"follow","max-snippet":"max-snippet:-1","max-image-preview":"max-image-preview:large","max-video-preview":"max-video-preview:-1"},"canonical":"https:\/\/libellula.webstaging.it\/fr\/politique-de-confidentialite\/","og_locale":"fr_FR","og_type":"article","og_title":"Privacy policy","og_description":"Privacy policy I dati pubblicati in questo sito, relativi a Libellula S.r.l. possono essere utilizzati da tutti coloro che sono interessati alla societ\u00e0 ed ai prodotti e servizi forniti. Non possono essere utilizzati da potenziali fornitori o da altri soggetti per finalit\u00e0 di invio di materiale pubblicitario o di vendita diretta o per il compimento [&hellip;]","og_url":"https:\/\/libellula.webstaging.it\/fr\/politique-de-confidentialite\/","og_site_name":"Libellula","article_modified_time":"2025-07-01T06:27:40+00:00","twitter_card":"summary_large_image","schema":{"@context":"https:\/\/schema.org","@graph":[{"@type":"WebPage","@id":"https:\/\/libellula.webstaging.it\/privacy-policy\/","url":"https:\/\/libellula.webstaging.it\/privacy-policy\/","name":"Politique de confidentialit\u00e9 - Libellula","isPartOf":{"@id":"https:\/\/libellula.webstaging.it\/#website"},"datePublished":"2025-07-01T06:25:15+00:00","dateModified":"2025-07-01T06:27:40+00:00","breadcrumb":{"@id":"https:\/\/libellula.webstaging.it\/privacy-policy\/#breadcrumb"},"inLanguage":"fr-FR","potentialAction":[{"@type":"ReadAction","target":["https:\/\/libellula.webstaging.it\/privacy-policy\/"]}]},{"@type":"BreadcrumbList","@id":"https:\/\/libellula.webstaging.it\/privacy-policy\/#breadcrumb","itemListElement":[{"@type":"ListItem","position":1,"name":"Home","item":"https:\/\/libellula.webstaging.it\/"},{"@type":"ListItem","position":2,"name":"Privacy policy"}]},{"@type":"WebSite","@id":"https:\/\/libellula.webstaging.it\/#website","url":"https:\/\/libellula.webstaging.it\/","name":"Libellula","description":"","potentialAction":[{"@type":"SearchAction","target":{"@type":"EntryPoint","urlTemplate":"https:\/\/libellula.webstaging.it\/?s={search_term_string}"},"query-input":{"@type":"PropertyValueSpecification","valueRequired":true,"valueName":"search_term_string"}}],"inLanguage":"fr-FR"}]}},"_links":{"self":[{"href":"https:\/\/libellula.webstaging.it\/fr\/wp-json\/wp\/v2\/pages\/2572","targetHints":{"allow":["GET"]}}],"collection":[{"href":"https:\/\/libellula.webstaging.it\/fr\/wp-json\/wp\/v2\/pages"}],"about":[{"href":"https:\/\/libellula.webstaging.it\/fr\/wp-json\/wp\/v2\/types\/page"}],"author":[{"embeddable":true,"href":"https:\/\/libellula.webstaging.it\/fr\/wp-json\/wp\/v2\/users\/1"}],"replies":[{"embeddable":true,"href":"https:\/\/libellula.webstaging.it\/fr\/wp-json\/wp\/v2\/comments?post=2572"}],"version-history":[{"count":5,"href":"https:\/\/libellula.webstaging.it\/fr\/wp-json\/wp\/v2\/pages\/2572\/revisions"}],"predecessor-version":[{"id":3380,"href":"https:\/\/libellula.webstaging.it\/fr\/wp-json\/wp\/v2\/pages\/2572\/revisions\/3380"}],"wp:attachment":[{"href":"https:\/\/libellula.webstaging.it\/fr\/wp-json\/wp\/v2\/media?parent=2572"}],"curies":[{"name":"wp","href":"https:\/\/api.w.org\/{rel}","templated":true}]}}