{"id":2567,"date":"2025-07-01T06:21:47","date_gmt":"2025-07-01T06:21:47","guid":{"rendered":"https:\/\/libellula.webstaging.it\/?page_id=2567"},"modified":"2025-07-01T06:23:56","modified_gmt":"2025-07-01T06:23:56","slug":"conditions-generales","status":"publish","type":"page","link":"https:\/\/libellula.webstaging.it\/fr\/conditions-generales\/","title":{"rendered":"Conditions g\u00e9n\u00e9rales d'utilisation"},"content":{"rendered":"<div data-elementor-type=\"wp-page\" data-elementor-id=\"2567\" class=\"elementor elementor-2567\" data-elementor-post-type=\"page\">\n\t\t\t\t<div class=\"elementor-element elementor-element-495dc9a e-flex e-con-boxed e-con e-parent\" data-id=\"495dc9a\" data-element_type=\"container\" data-e-type=\"container\">\n\t\t\t\t\t<div class=\"e-con-inner\">\n\t\t\t\t\t<\/div>\n\t\t\t\t<\/div>\n\t\t<div class=\"elementor-element elementor-element-c39e285 e-flex e-con-boxed e-con e-parent\" data-id=\"c39e285\" data-element_type=\"container\" data-e-type=\"container\">\n\t\t\t\t\t<div class=\"e-con-inner\">\n\t\t\t\t<div class=\"elementor-element elementor-element-36a2794 elementor-widget elementor-widget-heading\" data-id=\"36a2794\" data-element_type=\"widget\" data-e-type=\"widget\" data-widget_type=\"heading.default\">\n\t\t\t\t<div class=\"elementor-widget-container\">\n\t\t\t\t\t<h2 class=\"elementor-heading-title elementor-size-default\">Conditions g\u00e9n\u00e9rales d'utilisation\n<\/h2>\t\t\t\t<\/div>\n\t\t\t\t<\/div>\n\t\t\t\t<div class=\"elementor-element elementor-element-08ecfeb elementor-widget elementor-widget-text-editor\" data-id=\"08ecfeb\" data-element_type=\"widget\" data-e-type=\"widget\" data-widget_type=\"text-editor.default\">\n\t\t\t\t<div class=\"elementor-widget-container\">\n\t\t\t\t\t\t\t\t\t<p>On entend par traitement de donn\u00e9es \u00e0 caract\u00e8re personnel toute op\u00e9ration ou tout ensemble d'op\u00e9rations effectu\u00e9es avec ou sans l'aide de proc\u00e9d\u00e9s \u00e9lectroniques et appliqu\u00e9es \u00e0 la collecte, \u00e0 l'enregistrement, \u00e0 l'organisation, \u00e0 la conservation, \u00e0 l'interrogation, \u00e0 l'\u00e9laboration, \u00e0 la modification, \u00e0 la s\u00e9lection, \u00e0 l'extraction, \u00e0 la comparaison, \u00e0 l'utilisation, \u00e0 l'interconnexion, au verrouillage, \u00e0 la communication, \u00e0 la diffusion, \u00e0 l'effacement et \u00e0 la destruction de donn\u00e9es, que celles-ci soient ou non contenues dans une banque de donn\u00e9es.<\/p><p>En ce qui concerne le traitement des donn\u00e9es \u00e0 caract\u00e8re personnel, l'utilisateur a :<\/p><p>le droit d'obtenir de Libellula la confirmation que des donn\u00e9es \u00e0 caract\u00e8re personnel le concernant sont ou ne sont pas trait\u00e9es, m\u00eame si elles n'ont pas encore \u00e9t\u00e9 enregistr\u00e9es, et leur communication sous une forme intelligible ;<br \/>le droit d'obtenir de Libellula des informations sur l'origine de leurs donn\u00e9es personnelles, les finalit\u00e9s et les m\u00e9thodes de traitement ;<br \/>le droit d'obtenir de Libellula des informations sur les crit\u00e8res appliqu\u00e9s en cas de traitement effectu\u00e9 \u00e0 l'aide de moyens \u00e9lectroniques ;<br \/>le droit d'obtenir de Libellula des informations sur les donn\u00e9es d'identification du responsable du traitement et des sous-traitants, les noms des personnes ou cat\u00e9gories de personnes auxquelles les donn\u00e9es \u00e0 caract\u00e8re personnel peuvent \u00eatre communiqu\u00e9es ou qui peuvent avoir connaissance des donn\u00e9es en leur qualit\u00e9, par exemple, de sous-traitants. l'utilisateur a \u00e9galement le droit d'obtenir de Libellula<br \/>a) la mise \u00e0 jour, la rectification et l'int\u00e9gration de leurs donn\u00e9es personnelles ;<br \/>b) la suppression, la transformation sous forme anonyme ou le verrouillage des donn\u00e9es \u00e0 caract\u00e8re personnel trait\u00e9es en violation de la loi, y compris les donn\u00e9es dont la conservation n'est pas n\u00e9cessaire au regard des finalit\u00e9s pour lesquelles elles ont \u00e9t\u00e9 collect\u00e9es ou trait\u00e9es ult\u00e9rieurement ;<br \/>c) l'attestation que les op\u00e9rations vis\u00e9es aux points a) et b) ont \u00e9t\u00e9 port\u00e9es \u00e0 la connaissance, y compris en ce qui concerne leur contenu, des personnes auxquelles les donn\u00e9es ont \u00e9t\u00e9 communiqu\u00e9es ou diffus\u00e9es, sauf si cela s'av\u00e8re impossible ou implique un effort manifestement disproportionn\u00e9 par rapport au droit prot\u00e9g\u00e9.<br \/>L'utilisateur a toutefois le droit de s'opposer, en tout ou en partie : a) pour des raisons l\u00e9gitimes, au traitement des donn\u00e9es personnelles le concernant, m\u00eame si elles sont pertinentes par rapport \u00e0 la finalit\u00e9 de la collecte ; b) au traitement des donn\u00e9es personnelles le concernant dans le but d'envoyer du mat\u00e9riel publicitaire ou de marketing direct ou de r\u00e9aliser des \u00e9tudes de march\u00e9 ou des enqu\u00eates de communication commerciale. L'utilisateur peut \u00e0 tout moment exercer librement ses droits li\u00e9s \u00e0 la l\u00e9gislation pertinente, sur demande \u00e9crite adress\u00e9e \u00e0 Libellula \u00e0 l'adresse postale ou \u00e0 l'adresse \u00e9lectronique privacy@libellula.com, \u00e0 laquelle il sera r\u00e9pondu dans les plus brefs d\u00e9lais. L'adresse privacy@libellula.com est \u00e0 la disposition de l'utilisateur pour v\u00e9rifier l'exactitude, la modification ou la mise \u00e0 jour de ses donn\u00e9es personnelles. Les coordonn\u00e9es \u00e9lectroniques fournies par l'int\u00e9ress\u00e9 dans le cadre de la vente d'un produit ou d'un service autorisent Libellula, en vertu de la l\u00e9gislation pertinente en vigueur, \u00e0 utiliser les m\u00eames coordonn\u00e9es pour l'activit\u00e9 de vente de produits similaires \u00e0 ceux d\u00e9j\u00e0 vendus, sans demander le consentement de l'int\u00e9ress\u00e9 et \u00e0 condition que les services soient similaires \u00e0 ceux vendus. l'utilisateur est inform\u00e9, au moment de la collecte et au moment de l'envoi de toute communication effectu\u00e9e aux fins susmentionn\u00e9es, de la possibilit\u00e9 de s'opposer au traitement \u00e0 tout moment, facilement et gratuitement. La disposition du garant du 19 juin 2008, relative aux simplifications d'ex\u00e9cution en mati\u00e8re de traitement \u00e0 des fins administratives et comptables, autorise le commer\u00e7ant \u00e0 utiliser l'adresse postale de l'utilisateur pour envoyer, avec des documents administratifs et comptables, de la publicit\u00e9 relative \u00e0 des produits similaires \u00e0 ceux achet\u00e9s, sauf refus expr\u00e8s exprim\u00e9 quant \u00e0 l'utilisation de l'adresse postale d\u00e9livr\u00e9e. pour des informations plus d\u00e9taill\u00e9es sur les modalit\u00e9s de traitement des donn\u00e9es \u00e0 caract\u00e8re personnel par Libellula, l'utilisateur est invit\u00e9 \u00e0 lire l'int\u00e9gralit\u00e9 et le d\u00e9tail de la pr\u00e9sente politique de protection de la vie priv\u00e9e.<\/p><p>M\u00e9thodes de traitement des donn\u00e9es \u00e0 caract\u00e8re personnel<\/p><p>On entend par traitement de donn\u00e9es \u00e0 caract\u00e8re personnel toute op\u00e9ration ou tout ensemble d'op\u00e9rations effectu\u00e9es avec ou sans l'aide de proc\u00e9d\u00e9s \u00e9lectroniques et appliqu\u00e9es \u00e0 la collecte, \u00e0 l'enregistrement, \u00e0 l'organisation, \u00e0 la conservation, \u00e0 l'interrogation, \u00e0 l'\u00e9laboration, \u00e0 la modification, \u00e0 la s\u00e9lection, \u00e0 l'extraction, \u00e0 la comparaison, \u00e0 l'utilisation, \u00e0 l'interconnexion, au verrouillage, \u00e0 la communication, \u00e0 la diffusion, \u00e0 l'effacement et \u00e0 la destruction de donn\u00e9es, que celles-ci soient ou non contenues dans une banque de donn\u00e9es.<\/p><p>\u00c0 cette fin, les actions de Libellula en ce qui concerne le traitement des donn\u00e9es personnelles sont bas\u00e9es sur les principes suivants :<\/p><p>traiter les donn\u00e9es exclusivement aux fins et selon les modalit\u00e9s pr\u00e9vues dans les informations pr\u00e9sent\u00e9es au moment de leur collecte ;<br \/>utiliser les donn\u00e9es \u00e0 des fins autres que celles pour lesquelles elles ont \u00e9t\u00e9 sp\u00e9cifiquement communiqu\u00e9es, uniquement avec le consentement expr\u00e8s de l'utilisateur ;<br \/>mettre les donn\u00e9es \u00e0 la disposition de soci\u00e9t\u00e9s tierces uniquement \u00e0 des fins instrumentales pour la fourniture du service demand\u00e9 et dans le cadre d'un mandat de responsable du traitement ; ne pas communiquer les donn\u00e9es, les c\u00e9der ou les transf\u00e9rer \u00e0 des tiers pour leur propre traitement sans que les utilisateurs en aient \u00e9t\u00e9 inform\u00e9s au pr\u00e9alable et aient donn\u00e9 leur consentement ;<br \/>r\u00e9pondre aux demandes d'annulation, de modification, d'int\u00e9gration des donn\u00e9es fournies, d'opposition au traitement des donn\u00e9es dans le but d'envoyer des informations commerciales et de la publicit\u00e9 ;<br \/>Les donn\u00e9es personnelles sont trait\u00e9es principalement par voie \u00e9lectronique et t\u00e9l\u00e9matique, tant par Libellula que par d'autres sujets, s\u00e9lectionn\u00e9s de mani\u00e8re appropri\u00e9e pour leur fiabilit\u00e9 et leur comp\u00e9tence, qui exercent des activit\u00e9s instrumentales pour la poursuite des objectifs strictement li\u00e9s \u00e0 l'utilisation du site web, \u00e0 ses services et \u00e0 l'achat de produits par l'interm\u00e9diaire du site web (voir la section \"sujets pouvant traiter les donn\u00e9es personnelles\").<br \/>Les finalit\u00e9s sp\u00e9cifiques pour lesquelles les donn\u00e9es sont trait\u00e9es sont r\u00e9sum\u00e9es, de temps \u00e0 autre, dans la note d'information vis\u00e9e \u00e0 l'article 13 du d\u00e9cret l\u00e9gislatif 196\/2003, qui est pr\u00e9sent\u00e9e \u00e0 l'utilisateur lorsqu'il communique ses donn\u00e9es personnelles. En g\u00e9n\u00e9ral, les donn\u00e9es sont trait\u00e9es pour la fourniture des services suivants, disponibles en acc\u00e9dant au site libellula.eu<\/p><p>l'inscription au site, afin de b\u00e9n\u00e9ficier des services qu'il contient ;<br \/>s'abonner \u00e0 des services sp\u00e9cifiques et compl\u00e9mentaires, tels que notre newsletter biquadro et d'autres services d'information similaires sur notre activit\u00e9 ;<br \/>le traitement des commandes et les activit\u00e9s connexes ;<br \/>traiter les questions techniques, commerciales, l'\u00e9tat des commandes et les demandes de renseignements g\u00e9n\u00e9raux ;<br \/>contacter les personnes de contact de nos services la configuration du site libellula.eu est telle que la collecte des donn\u00e9es personnelles se fait dans la mesure strictement n\u00e9cessaire \u00e0 la fourniture du service qu'il contient et que les donn\u00e9es personnelles sont utilis\u00e9es dans la mesure la plus r\u00e9duite possible.<br \/>Par cons\u00e9quent, le traitement des donn\u00e9es est exclu lorsque les finalit\u00e9s poursuivies dans les cas individuels peuvent \u00eatre atteintes par l'utilisation de donn\u00e9es anonymes (comme, par exemple, dans les \u00e9tudes de march\u00e9 visant \u00e0 am\u00e9liorer les services) ou par d'autres m\u00e9thodes qui permettent d'identifier l'utilisateur uniquement en cas de besoin ou en cas de demande sp\u00e9cifique des autorit\u00e9s et de la police. comme indiqu\u00e9 express\u00e9ment dans la note d'information, afin de fournir \u00e0 l'utilisateur des informations cibl\u00e9es sur ses besoins et visant \u00e0 cr\u00e9er des profils, obtenus sur la base des pr\u00e9f\u00e9rences exprim\u00e9es et des achats effectu\u00e9s, les donn\u00e9es personnelles, avec le consentement de ce dernier, peuvent \u00eatre trait\u00e9es par Libellula dans le but d'effectuer les op\u00e9rations susmentionn\u00e9es.<\/p><p>L'utilisation des donn\u00e9es personnelles peut \u00eatre utilis\u00e9e par Libellula pour envoyer, avec le consentement de l'utilisateur, des publicit\u00e9s sur ses services et ses produits, \u00e0 l'exception des dispositions de l'article 130, paragraphe 4, du d\u00e9cret l\u00e9gislatif 196\/2003. apr\u00e8s le consentement expr\u00e8s de l'utilisateur, les donn\u00e9es personnelles seront communiqu\u00e9es \u00e0 des tiers, sauf dans les cas o\u00f9 cette communication est requise par la loi ou est n\u00e9cessaire \u00e0 des fins pr\u00e9vues par la loi pour lesquelles le consentement de l'utilisateur n'est pas requis. les donn\u00e9es mises \u00e0 la disposition de tiers seront trait\u00e9es par ces derniers de mani\u00e8re autonome et dans un cadre strictement li\u00e9 aux fins susmentionn\u00e9es. Libellula traitera les donn\u00e9es \u00e0 caract\u00e8re personnel de l'utilisateur \u00e0 des fins autres que la finalit\u00e9 sp\u00e9cifique pour laquelle l'utilisateur a consenti \u00e0 l'utilisation des donn\u00e9es \u00e0 caract\u00e8re personnel, uniquement apr\u00e8s avoir obtenu le consentement expr\u00e8s de l'utilisateur (par exemple, pour le profilage de la client\u00e8le sur la base des pr\u00e9f\u00e9rences et des habitudes d'achat). en ce qui concerne le traitement pour lequel le consentement n'est pas requis, Libellula peut traiter les donn\u00e9es \u00e0 caract\u00e8re personnel lorsqu'il est n\u00e9cessaire de respecter une obligation l\u00e9gale ou lorsqu'il est n\u00e9cessaire d'ex\u00e9cuter des obligations contractuelles conclues avec l'utilisateur.<\/p><p>En tout \u00e9tat de cause, les donn\u00e9es personnelles ne seront pas transf\u00e9r\u00e9es \u00e0 l'\u00e9tranger vers des pays, autres que ceux appartenant \u00e0 l'Union europ\u00e9enne, qui ne garantissent pas des niveaux ad\u00e9quats de protection des donn\u00e9es personnelles. Au cas o\u00f9 il serait n\u00e9cessaire, pour des raisons li\u00e9es \u00e0 l'utilisation du site web et donc \u00e0 la conclusion d'un contrat d'achat ou \u00e0 la prestation de services, de transf\u00e9rer des donn\u00e9es personnelles vers des pays n'appartenant pas \u00e0 l'Union europ\u00e9enne et n'assurant pas un niveau de protection ad\u00e9quat, Libellula conclura avec les personnes charg\u00e9es du traitement des donn\u00e9es personnelles des contrats sp\u00e9cifiques \u00e9labor\u00e9s pour garantir un niveau de s\u00e9curit\u00e9 ad\u00e9quat correspondant aux normes requises par la loi. Au cas o\u00f9 l'utilisateur communiquerait, dans le cadre d'un achat ou d'une prestation de services effectu\u00e9e sur le site, des donn\u00e9es personnelles de tiers, sans rapport avec le contrat d'achat ou la prestation de services, Libellula veillera \u00e0 fournir \u00e0 ces tiers, au moment de l'enregistrement de ces donn\u00e9es personnelles dans ses archives, les informations requises par l'art. 13, d. lgs 196\/2003. En tout \u00e9tat de cause, il incombe \u00e0 l'utilisateur - seul et unique responsable de la communication d'informations et de donn\u00e9es relatives \u00e0 des tiers sans leur consentement ou de toute utilisation abusive ou contraire \u00e0 la loi ayant fourni les donn\u00e9es personnelles de tiers - d'obtenir le consentement pr\u00e9alable de ces derniers au traitement des donn\u00e9es personnelles avant de les communiquer \u00e0 Libellula et de les informer de la pr\u00e9sente politique de confidentialit\u00e9. Le consentement au traitement des donn\u00e9es personnelles par le tiers n'est pas requis lorsque les donn\u00e9es personnelles sont communiqu\u00e9es pour la conclusion du contrat en faveur du tiers.<\/p><p>Derni\u00e8re mise \u00e0 jour le 29 janvier 2012<\/p>\t\t\t\t\t\t\t\t<\/div>\n\t\t\t\t<\/div>\n\t\t\t\t\t<\/div>\n\t\t\t\t<\/div>\n\t\t\t\t<\/div>","protected":false},"excerpt":{"rendered":"<p>Termini e condizioni Per trattamento dei dati personali si intende qualunque operazione o complesso di operazioni, effettuati anche senza l\u2019ausilio di strumenti elettronici, concernenti la raccolta, la registrazione, l\u2019organizzazione, la conservazione, la consultazione, l\u2019elaborazione, la modificazione , la selezione, l\u2019estrazione, il raffronto, l\u2019utilizzo, l\u2019interconnessione, il blocco, la comunicazione, la diffusione, la cancellazione e la distruzione [&hellip;]<\/p>","protected":false},"author":1,"featured_media":0,"parent":0,"menu_order":0,"comment_status":"closed","ping_status":"closed","template":"elementor_header_footer","meta":{"footnotes":""},"class_list":["post-2567","page","type-page","status-publish","hentry"],"yoast_head":"<!-- This site is optimized with the Yoast SEO Premium plugin v26.1 (Yoast SEO v26.1) - https:\/\/yoast.com\/wordpress\/plugins\/seo\/ -->\n<title>Termini e condizioni - Libellula<\/title>\n<meta name=\"robots\" content=\"index, follow, max-snippet:-1, max-image-preview:large, max-video-preview:-1\" \/>\n<link rel=\"canonical\" href=\"https:\/\/libellula.webstaging.it\/fr\/conditions-generales\/\" \/>\n<meta property=\"og:locale\" content=\"fr_FR\" \/>\n<meta property=\"og:type\" content=\"article\" \/>\n<meta property=\"og:title\" content=\"Termini e condizioni\" \/>\n<meta property=\"og:description\" content=\"Termini e condizioni Per trattamento dei dati personali si intende qualunque operazione o complesso di operazioni, effettuati anche senza l\u2019ausilio di strumenti elettronici, concernenti la raccolta, la registrazione, l\u2019organizzazione, la conservazione, la consultazione, l\u2019elaborazione, la modificazione , la selezione, l\u2019estrazione, il raffronto, l\u2019utilizzo, l\u2019interconnessione, il blocco, la comunicazione, la diffusione, la cancellazione e la distruzione [&hellip;]\" \/>\n<meta property=\"og:url\" content=\"https:\/\/libellula.webstaging.it\/fr\/conditions-generales\/\" \/>\n<meta property=\"og:site_name\" content=\"Libellula\" \/>\n<meta property=\"article:modified_time\" content=\"2025-07-01T06:23:56+00:00\" \/>\n<meta name=\"twitter:card\" content=\"summary_large_image\" \/>\n<meta name=\"twitter:label1\" content=\"Dur\u00e9e de lecture estim\u00e9e\" \/>\n\t<meta name=\"twitter:data1\" content=\"8 minutes\" \/>\n<script type=\"application\/ld+json\" class=\"yoast-schema-graph\">{\"@context\":\"https:\/\/schema.org\",\"@graph\":[{\"@type\":\"WebPage\",\"@id\":\"https:\/\/libellula.webstaging.it\/de\/bedingungen-und-konditionen\/\",\"url\":\"https:\/\/libellula.webstaging.it\/de\/bedingungen-und-konditionen\/\",\"name\":\"Termini e condizioni - Libellula\",\"isPartOf\":{\"@id\":\"https:\/\/libellula.webstaging.it\/#website\"},\"datePublished\":\"2025-07-01T06:21:47+00:00\",\"dateModified\":\"2025-07-01T06:23:56+00:00\",\"breadcrumb\":{\"@id\":\"https:\/\/libellula.webstaging.it\/de\/bedingungen-und-konditionen\/#breadcrumb\"},\"inLanguage\":\"fr-FR\",\"potentialAction\":[{\"@type\":\"ReadAction\",\"target\":[\"https:\/\/libellula.webstaging.it\/de\/bedingungen-und-konditionen\/\"]}]},{\"@type\":\"BreadcrumbList\",\"@id\":\"https:\/\/libellula.webstaging.it\/de\/bedingungen-und-konditionen\/#breadcrumb\",\"itemListElement\":[{\"@type\":\"ListItem\",\"position\":1,\"name\":\"Home\",\"item\":\"https:\/\/libellula.webstaging.it\/\"},{\"@type\":\"ListItem\",\"position\":2,\"name\":\"Termini e condizioni\"}]},{\"@type\":\"WebSite\",\"@id\":\"https:\/\/libellula.webstaging.it\/#website\",\"url\":\"https:\/\/libellula.webstaging.it\/\",\"name\":\"Libellula\",\"description\":\"\",\"potentialAction\":[{\"@type\":\"SearchAction\",\"target\":{\"@type\":\"EntryPoint\",\"urlTemplate\":\"https:\/\/libellula.webstaging.it\/?s={search_term_string}\"},\"query-input\":{\"@type\":\"PropertyValueSpecification\",\"valueRequired\":true,\"valueName\":\"search_term_string\"}}],\"inLanguage\":\"fr-FR\"}]}<\/script>\n<!-- \/ Yoast SEO Premium plugin. -->","yoast_head_json":{"title":"Conditions g\u00e9n\u00e9rales - Libellula","robots":{"index":"index","follow":"follow","max-snippet":"max-snippet:-1","max-image-preview":"max-image-preview:large","max-video-preview":"max-video-preview:-1"},"canonical":"https:\/\/libellula.webstaging.it\/fr\/conditions-generales\/","og_locale":"fr_FR","og_type":"article","og_title":"Termini e condizioni","og_description":"Termini e condizioni Per trattamento dei dati personali si intende qualunque operazione o complesso di operazioni, effettuati anche senza l\u2019ausilio di strumenti elettronici, concernenti la raccolta, la registrazione, l\u2019organizzazione, la conservazione, la consultazione, l\u2019elaborazione, la modificazione , la selezione, l\u2019estrazione, il raffronto, l\u2019utilizzo, l\u2019interconnessione, il blocco, la comunicazione, la diffusione, la cancellazione e la distruzione [&hellip;]","og_url":"https:\/\/libellula.webstaging.it\/fr\/conditions-generales\/","og_site_name":"Libellula","article_modified_time":"2025-07-01T06:23:56+00:00","twitter_card":"summary_large_image","twitter_misc":{"Dur\u00e9e de lecture estim\u00e9e":"8 minutes"},"schema":{"@context":"https:\/\/schema.org","@graph":[{"@type":"WebPage","@id":"https:\/\/libellula.webstaging.it\/de\/bedingungen-und-konditionen\/","url":"https:\/\/libellula.webstaging.it\/de\/bedingungen-und-konditionen\/","name":"Conditions g\u00e9n\u00e9rales - Libellula","isPartOf":{"@id":"https:\/\/libellula.webstaging.it\/#website"},"datePublished":"2025-07-01T06:21:47+00:00","dateModified":"2025-07-01T06:23:56+00:00","breadcrumb":{"@id":"https:\/\/libellula.webstaging.it\/de\/bedingungen-und-konditionen\/#breadcrumb"},"inLanguage":"fr-FR","potentialAction":[{"@type":"ReadAction","target":["https:\/\/libellula.webstaging.it\/de\/bedingungen-und-konditionen\/"]}]},{"@type":"BreadcrumbList","@id":"https:\/\/libellula.webstaging.it\/de\/bedingungen-und-konditionen\/#breadcrumb","itemListElement":[{"@type":"ListItem","position":1,"name":"Home","item":"https:\/\/libellula.webstaging.it\/"},{"@type":"ListItem","position":2,"name":"Termini e condizioni"}]},{"@type":"WebSite","@id":"https:\/\/libellula.webstaging.it\/#website","url":"https:\/\/libellula.webstaging.it\/","name":"Libellula","description":"","potentialAction":[{"@type":"SearchAction","target":{"@type":"EntryPoint","urlTemplate":"https:\/\/libellula.webstaging.it\/?s={search_term_string}"},"query-input":{"@type":"PropertyValueSpecification","valueRequired":true,"valueName":"search_term_string"}}],"inLanguage":"fr-FR"}]}},"_links":{"self":[{"href":"https:\/\/libellula.webstaging.it\/fr\/wp-json\/wp\/v2\/pages\/2567","targetHints":{"allow":["GET"]}}],"collection":[{"href":"https:\/\/libellula.webstaging.it\/fr\/wp-json\/wp\/v2\/pages"}],"about":[{"href":"https:\/\/libellula.webstaging.it\/fr\/wp-json\/wp\/v2\/types\/page"}],"author":[{"embeddable":true,"href":"https:\/\/libellula.webstaging.it\/fr\/wp-json\/wp\/v2\/users\/1"}],"replies":[{"embeddable":true,"href":"https:\/\/libellula.webstaging.it\/fr\/wp-json\/wp\/v2\/comments?post=2567"}],"version-history":[{"count":4,"href":"https:\/\/libellula.webstaging.it\/fr\/wp-json\/wp\/v2\/pages\/2567\/revisions"}],"predecessor-version":[{"id":2571,"href":"https:\/\/libellula.webstaging.it\/fr\/wp-json\/wp\/v2\/pages\/2567\/revisions\/2571"}],"wp:attachment":[{"href":"https:\/\/libellula.webstaging.it\/fr\/wp-json\/wp\/v2\/media?parent=2567"}],"curies":[{"name":"wp","href":"https:\/\/api.w.org\/{rel}","templated":true}]}}