{"id":2567,"date":"2025-07-01T06:21:47","date_gmt":"2025-07-01T06:21:47","guid":{"rendered":"https:\/\/libellula.webstaging.it\/?page_id=2567"},"modified":"2025-07-01T06:23:56","modified_gmt":"2025-07-01T06:23:56","slug":"bedingungen-und-konditionen","status":"publish","type":"page","link":"https:\/\/libellula.webstaging.it\/de\/bedingungen-und-konditionen\/","title":{"rendered":"Bedingungen und Konditionen"},"content":{"rendered":"<div data-elementor-type=\"wp-page\" data-elementor-id=\"2567\" class=\"elementor elementor-2567\" data-elementor-post-type=\"page\">\n\t\t\t\t<div class=\"elementor-element elementor-element-495dc9a e-flex e-con-boxed e-con e-parent\" data-id=\"495dc9a\" data-element_type=\"container\" data-e-type=\"container\">\n\t\t\t\t\t<div class=\"e-con-inner\">\n\t\t\t\t\t<\/div>\n\t\t\t\t<\/div>\n\t\t<div class=\"elementor-element elementor-element-c39e285 e-flex e-con-boxed e-con e-parent\" data-id=\"c39e285\" data-element_type=\"container\" data-e-type=\"container\">\n\t\t\t\t\t<div class=\"e-con-inner\">\n\t\t\t\t<div class=\"elementor-element elementor-element-36a2794 elementor-widget elementor-widget-heading\" data-id=\"36a2794\" data-element_type=\"widget\" data-e-type=\"widget\" data-widget_type=\"heading.default\">\n\t\t\t\t<div class=\"elementor-widget-container\">\n\t\t\t\t\t<h2 class=\"elementor-heading-title elementor-size-default\">Bedingungen und Konditionen\n<\/h2>\t\t\t\t<\/div>\n\t\t\t\t<\/div>\n\t\t\t\t<div class=\"elementor-element elementor-element-08ecfeb elementor-widget elementor-widget-text-editor\" data-id=\"08ecfeb\" data-element_type=\"widget\" data-e-type=\"widget\" data-widget_type=\"text-editor.default\">\n\t\t\t\t<div class=\"elementor-widget-container\">\n\t\t\t\t\t\t\t\t\t<p>Als Verarbeitung personenbezogener Daten gilt jeder mit oder ohne Hilfe elektronischer Mittel ausgef\u00fchrte Vorgang oder jede Vorgangsreihe im Zusammenhang mit dem Erheben, dem Speichern, der Organisation, dem Aufbewahren, dem Abfragen, der Ausarbeitung, der Ver\u00e4nderung, der Auswahl, dem Abruf, dem Vergleich, der Nutzung, der Verkn\u00fcpfung, der Sperrung, der \u00dcbermittlung, der Verbreitung, der L\u00f6schung und der Vernichtung von Daten, unabh\u00e4ngig davon, ob diese in einer Datenbank gespeichert sind oder nicht.<\/p><p>In Bezug auf die Verarbeitung von personenbezogenen Daten hat der Nutzer:<\/p><p>das Recht, von Libellula eine Best\u00e4tigung dar\u00fcber zu erhalten, ob ihn betreffende personenbezogene Daten verarbeitet werden oder nicht, auch wenn diese noch nicht gespeichert sind, sowie deren Mitteilung in verst\u00e4ndlicher Form;<br \/>das Recht, von Libellula Informationen \u00fcber die Herkunft ihrer pers\u00f6nlichen Daten, den Zweck und die Modalit\u00e4ten ihrer Verarbeitung zu erhalten;<br \/>das Recht, von Libellula Informationen \u00fcber die Kriterien zu erhalten, die im Falle einer Verarbeitung mit Hilfe elektronischer Mittel angewandt werden;<br \/>das Recht, von Libellula Auskunft zu erhalten \u00fcber die Identit\u00e4t des Inhabers und der Verantwortlichen f\u00fcr die Datenverarbeitung, die Namen der Personen oder Kategorien von Personen, denen die personenbezogenen Daten mitgeteilt werden k\u00f6nnen oder die in ihrer Eigenschaft, z. B. als Verantwortliche f\u00fcr die Datenverarbeitung, davon Kenntnis erlangen k\u00f6nnen. der Nutzer hat ferner das Recht, von Libellula<br \/>a) die Aktualisierung, Berichtigung und Erg\u00e4nzung ihrer personenbezogenen Daten;<br \/>b) zu verlangen, dass widerrechtlich verarbeitete personenbezogene Daten gel\u00f6scht, anonymisiert oder gesperrt werden; dies gilt auch f\u00fcr Daten, deren Aufbewahrung f\u00fcr die Zwecke, f\u00fcr die sie erhoben oder sp\u00e4ter verarbeitet wurden, nicht erforderlich ist;<br \/>c) eine Bescheinigung dar\u00fcber, dass die unter den Buchstaben a) und b) genannten Vorg\u00e4nge, auch was ihren Inhalt betrifft, denjenigen zur Kenntnis gebracht wurden, denen die Daten \u00fcbermittelt oder bei denen sie verbreitet wurden, sofern sich dies nicht als unm\u00f6glich erweist oder der Aufwand an Mitteln im Verh\u00e4ltnis zum gesch\u00fctzten Recht unvertretbar gro\u00df ist.<br \/>Der Nutzer hat jedoch das Recht, sich ganz oder teilweise a) aus legitimen Gr\u00fcnden der Verarbeitung der ihn betreffenden personenbezogenen Daten zu widersetzen, auch wenn diese dem Zweck der Erhebung entsprechen; b) der Verarbeitung der ihn betreffenden personenbezogenen Daten zum Zwecke der Zusendung von Werbe- oder Direktmarketingmaterial oder zur Durchf\u00fchrung von Marktforschungen oder kommerziellen Kommunikationsumfragen zu widersetzen. Der Nutzer kann seine Rechte im Zusammenhang mit den einschl\u00e4gigen Rechtsvorschriften jederzeit frei aus\u00fcben, indem er eine schriftliche Anfrage an Libellula unter der Postanschrift oder der E-Mail-Adresse privacy@libellula.com richtet, die umgehend beantwortet wird. Die Adresse privacy@libellula.com steht dem Nutzer zur Verf\u00fcgung, um die Richtigkeit, \u00c4nderung oder Aktualisierung seiner pers\u00f6nlichen Daten zu \u00fcberpr\u00fcfen. Die vom Interessenten im Rahmen des Verkaufs eines Produkts oder einer Dienstleistung angegebenen E-Mail-Koordinaten berechtigen Libellula aufgrund der geltenden Gesetzgebung, dieselben Koordinaten f\u00fcr den Verkauf von Produkten zu verwenden, die den bereits verkauften \u00e4hnlich sind, ohne die Zustimmung des Interessenten einzuholen und unter der Voraussetzung, dass die Dienstleistungen den verkauften \u00e4hnlich sind. der Nutzer zum Zeitpunkt der Erhebung und zum Zeitpunkt der Versendung von Mitteilungen, die zu den oben genannten Zwecken erfolgen, \u00fcber die M\u00f6glichkeit informiert wird, jederzeit, einfach und kostenlos gegen die Verarbeitung Einspruch zu erheben. Die Vorschrift des Garantiegebers vom 19. Juni 2008 \u00fcber Erf\u00fcllungsvereinfachungen in Bezug auf die Verarbeitung zu Verwaltungs- und Buchhaltungszwecken gestattet es dem H\u00e4ndler, die Postanschrift des Nutzers zu verwenden, um zusammen mit Verwaltungs- und Buchhaltungsunterlagen Werbung f\u00fcr \u00e4hnliche Produkte wie die gekauften zu versenden, es sei denn, die Verwendung der angegebenen Postanschrift wird ausdr\u00fccklich abgelehnt. F\u00fcr ausf\u00fchrlichere Informationen \u00fcber die Art und Weise der Verarbeitung personenbezogener Daten durch Libellula wird der Nutzer gebeten, diese Datenschutzerkl\u00e4rung vollst\u00e4ndig und detailliert zu lesen.<\/p><p>Methoden der Verarbeitung personenbezogener Daten<\/p><p>Als Verarbeitung personenbezogener Daten gilt jeder mit oder ohne Hilfe elektronischer Mittel ausgef\u00fchrte Vorgang oder jede Vorgangsreihe im Zusammenhang mit dem Erheben, dem Speichern, der Organisation, dem Aufbewahren, dem Abfragen, der Ausarbeitung, der Ver\u00e4nderung, der Auswahl, dem Abruf, dem Vergleich, der Nutzung, der Verkn\u00fcpfung, der Sperrung, der \u00dcbermittlung, der Verbreitung, der L\u00f6schung und der Vernichtung von Daten, unabh\u00e4ngig davon, ob diese in einer Datenbank gespeichert sind oder nicht.<\/p><p>Zu diesem Zweck st\u00fctzt sich das Handeln von Libellula bei der Verarbeitung personenbezogener Daten auf die folgenden Grunds\u00e4tze:<\/p><p>die Daten ausschlie\u00dflich zu den Zwecken und auf die Art und Weise zu verarbeiten, die in den Informationen zum Zeitpunkt ihrer Erhebung angegeben sind;<br \/>die Daten nur dann f\u00fcr andere Zwecke als die, f\u00fcr die sie ausdr\u00fccklich freigegeben wurden, zu verwenden, wenn die ausdr\u00fcckliche Zustimmung des Nutzers vorliegt;<br \/>die Daten nur zu Zwecken, die der Erbringung der angeforderten Dienstleistung dienen, und im Rahmen einer Beauftragung als Verantwortlicher f\u00fcr die Datenverarbeitung an Drittunternehmen weitergeben; die Daten nicht an Dritte zur eigenen Verarbeitung weitergeben, abtreten oder \u00fcbertragen, ohne dass die Nutzer zuvor informiert wurden und ihre Zustimmung erteilt haben;<br \/>auf Antr\u00e4ge auf L\u00f6schung, \u00c4nderung, Erg\u00e4nzung der bereitgestellten Daten, Widerspruch gegen die Verarbeitung von Daten zum Zwecke der Zusendung von kommerziellen Informationen und Werbung zu reagieren;<br \/>die korrekte und rechtm\u00e4\u00dfige Verwaltung der Daten unter Wahrung der Privatsph\u00e4re der Nutzer zu gew\u00e4hrleisten und geeignete Sicherheitsma\u00dfnahmen zum Schutz der Vertraulichkeit, Integrit\u00e4t und Verf\u00fcgbarkeit der bereitgestellten Daten zu ergreifen. Die personenbezogenen Daten werden haupts\u00e4chlich elektronisch und telematisch sowohl von Libellula als auch von anderen Personen verarbeitet, die aufgrund ihrer Zuverl\u00e4ssigkeit und Kompetenz ausgew\u00e4hlt wurden und die T\u00e4tigkeiten ausf\u00fchren, die f\u00fcr die Verfolgung der Zwecke erforderlich sind, die ausschlie\u00dflich mit der Nutzung der Website, ihrer Dienstleistungen und dem Kauf von Produkten \u00fcber die Website zusammenh\u00e4ngen (siehe Abschnitt \"Personen, die personenbezogene Daten verarbeiten d\u00fcrfen\").<br \/>Die spezifischen Zwecke, f\u00fcr die die Daten verarbeitet werden, werden von Zeit zu Zeit in der Informationsmitteilung gem\u00e4\u00df Art. 13 des Gesetzesdekrets 196\/2003 zusammengefasst, die dem Benutzer bei der Freigabe seiner pers\u00f6nlichen Daten vorgelegt wird. Im Allgemeinen werden die Daten f\u00fcr die Bereitstellung der folgenden Dienstleistungen verarbeitet, die durch den Zugriff auf die Website libellula.eu verf\u00fcgbar sind<\/p><p>die Registrierung auf der Website, um die darin enthaltenen Dienste nutzen zu k\u00f6nnen;<br \/>das Abonnieren spezifischer und zus\u00e4tzlicher Dienste, wie z. B. unseres biquadro-Newsletters und anderer \u00e4hnlicher Informationsdienste zu unserer T\u00e4tigkeit;<br \/>Auftragsabwicklung und damit verbundene T\u00e4tigkeiten;<br \/>Bearbeitung von technischen, kommerziellen, auftragsbezogenen und allgemeinen Anfragen;<br \/>Bei der Kontaktaufnahme mit den Ansprechpartnern unserer Dienste ist die libellula.eu-Website so konfiguriert, dass personenbezogene Daten nur in dem Umfang erhoben werden, der f\u00fcr die Erbringung der darin enthaltenen Dienstleistung unbedingt erforderlich ist, und dass personenbezogene Daten in m\u00f6glichst geringem Umfang verwendet werden.<br \/>Folglich ist die Verarbeitung der Daten ausgeschlossen, wenn die im Einzelfall verfolgten Zwecke durch die Verwendung anonymer Daten (wie z.B. bei Marktforschungen zur Verbesserung der Dienstleistungen) oder durch andere Methoden erreicht werden k\u00f6nnen, die eine Identifizierung des Nutzers nur im Bedarfsfall oder im Falle einer konkreten Anfrage von Beh\u00f6rden und Polizeikr\u00e4ften erm\u00f6glichen. Wie im Informationsschreiben ausdr\u00fccklich angegeben, k\u00f6nnen personenbezogene Daten mit Zustimmung des Nutzers von Libellula verarbeitet werden, um dem Nutzer auf seine Bed\u00fcrfnisse zugeschnittene Informationen zu liefern und Profile zu erstellen, die auf der Grundlage der ge\u00e4u\u00dferten Pr\u00e4ferenzen und get\u00e4tigten K\u00e4ufe erstellt werden.<\/p><p>Die Verwendung der pers\u00f6nlichen Daten kann von Libellula verwendet werden, um mit dem Einverst\u00e4ndnis des Benutzers Werbung \u00fcber seine Dienstleistungen und Produkte zu senden, mit Ausnahme der Bestimmungen des Art. 130, Absatz 4, Gesetzesdekret 196\/2003. Nach der ausdr\u00fccklichen Zustimmung des Benutzers werden die pers\u00f6nlichen Daten an Dritte weitergegeben, au\u00dfer in den F\u00e4llen, in denen eine solche Weitergabe gesetzlich vorgeschrieben oder f\u00fcr gesetzlich vorgesehene Zwecke notwendig ist, f\u00fcr die die Zustimmung des Benutzers nicht erforderlich ist. Die Dritten zur Verf\u00fcgung gestellten Daten werden von diesen autonom und in strikter Verbindung mit den oben genannten Zwecken verarbeitet. Libellula wird die personenbezogenen Daten des Nutzers f\u00fcr andere Zwecke als den spezifischen Zweck, f\u00fcr den der Nutzer der Verwendung personenbezogener Daten zugestimmt hat, nur nach ausdr\u00fccklicher Zustimmung des Nutzers verarbeiten (z. B. f\u00fcr die Erstellung von Kundenprofilen auf der Grundlage von Pr\u00e4ferenzen und Kaufgewohnheiten). Bei der Verarbeitung, f\u00fcr die keine Zustimmung erforderlich ist, kann Libellula personenbezogene Daten verarbeiten, wenn dies zur Erf\u00fcllung einer gesetzlichen Verpflichtung oder zur Erf\u00fcllung von mit dem Nutzer vertraglich eingegangenen Verpflichtungen erforderlich ist.<\/p><p>In jedem Fall werden personenbezogene Daten nicht in L\u00e4nder au\u00dferhalb der Europ\u00e4ischen Union \u00fcbermittelt, die kein angemessenes Schutzniveau f\u00fcr personenbezogene Daten gew\u00e4hrleisten. F\u00fcr den Fall, dass es aus Gr\u00fcnden, die mit der Nutzung der Website zusammenh\u00e4ngen, und somit f\u00fcr den Abschluss eines Kaufvertrags oder f\u00fcr die Erbringung von Dienstleistungen, notwendig ist, personenbezogene Daten in L\u00e4nder au\u00dferhalb der Europ\u00e4ischen Union zu \u00fcbermitteln, die kein angemessenes Schutzniveau gew\u00e4hrleisten, wird Libellula mit denjenigen, die personenbezogene Daten verarbeiten, spezielle Vertr\u00e4ge abschlie\u00dfen, die ein angemessenes Sicherheitsniveau gew\u00e4hrleisten, das den gesetzlich vorgeschriebenen Standards entspricht. Falls der Benutzer im Zusammenhang mit einem Kauf oder der Erbringung von Dienstleistungen auf der Website personenbezogene Daten von Dritten mitteilt, die nicht mit dem Kaufvertrag oder der Erbringung von Dienstleistungen in Verbindung stehen, wird Libellula sicherstellen, dass diesen Parteien bei der Registrierung dieser personenbezogenen Daten in seinem Archiv die von Art. 13, d. lgs 196\/2003 geforderten Informationen zur Verf\u00fcgung gestellt werden. Es bleibt in jedem Fall die Pflicht und Verantwortung des Benutzers - der alleinige Verantwortliche f\u00fcr die Weitergabe von Informationen und Daten an Dritte ohne deren Zustimmung oder f\u00fcr eine missbr\u00e4uchliche oder gesetzeswidrige Nutzung, die die personenbezogenen Daten Dritter zur Verf\u00fcgung gestellt hat - die vorherige Zustimmung der Letzteren zur Verarbeitung der personenbezogenen Daten einzuholen, bevor sie diese an Libellula weitergeben, und sie \u00fcber die vorliegende Datenschutzpolitik zu informieren. Die Zustimmung zur Verarbeitung personenbezogener Daten durch den Dritten ist nicht erforderlich, wenn personenbezogene Daten f\u00fcr den Abschluss des Vertrages zu Gunsten des Dritten mitgeteilt werden.<\/p><p>Zuletzt aktualisiert am 29. Januar 2012<\/p>\t\t\t\t\t\t\t\t<\/div>\n\t\t\t\t<\/div>\n\t\t\t\t\t<\/div>\n\t\t\t\t<\/div>\n\t\t\t\t<\/div>","protected":false},"excerpt":{"rendered":"<p>Termini e condizioni Per trattamento dei dati personali si intende qualunque operazione o complesso di operazioni, effettuati anche senza l\u2019ausilio di strumenti elettronici, concernenti la raccolta, la registrazione, l\u2019organizzazione, la conservazione, la consultazione, l\u2019elaborazione, la modificazione , la selezione, l\u2019estrazione, il raffronto, l\u2019utilizzo, l\u2019interconnessione, il blocco, la comunicazione, la diffusione, la cancellazione e la distruzione [&hellip;]<\/p>","protected":false},"author":1,"featured_media":0,"parent":0,"menu_order":0,"comment_status":"closed","ping_status":"closed","template":"elementor_header_footer","meta":{"footnotes":""},"class_list":["post-2567","page","type-page","status-publish","hentry"],"yoast_head":"<!-- This site is optimized with the Yoast SEO Premium plugin v26.1 (Yoast SEO v26.1) - https:\/\/yoast.com\/wordpress\/plugins\/seo\/ -->\n<title>Termini e condizioni - Libellula<\/title>\n<meta name=\"robots\" content=\"index, follow, max-snippet:-1, max-image-preview:large, max-video-preview:-1\" \/>\n<link rel=\"canonical\" href=\"https:\/\/libellula.webstaging.it\/de\/bedingungen-und-konditionen\/\" \/>\n<meta property=\"og:locale\" content=\"de_DE\" \/>\n<meta property=\"og:type\" content=\"article\" \/>\n<meta property=\"og:title\" content=\"Termini e condizioni\" \/>\n<meta property=\"og:description\" content=\"Termini e condizioni Per trattamento dei dati personali si intende qualunque operazione o complesso di operazioni, effettuati anche senza l\u2019ausilio di strumenti elettronici, concernenti la raccolta, la registrazione, l\u2019organizzazione, la conservazione, la consultazione, l\u2019elaborazione, la modificazione , la selezione, l\u2019estrazione, il raffronto, l\u2019utilizzo, l\u2019interconnessione, il blocco, la comunicazione, la diffusione, la cancellazione e la distruzione [&hellip;]\" \/>\n<meta property=\"og:url\" content=\"https:\/\/libellula.webstaging.it\/de\/bedingungen-und-konditionen\/\" \/>\n<meta property=\"og:site_name\" content=\"Libellula\" \/>\n<meta property=\"article:modified_time\" content=\"2025-07-01T06:23:56+00:00\" \/>\n<meta name=\"twitter:card\" content=\"summary_large_image\" \/>\n<meta name=\"twitter:label1\" content=\"Gesch\u00e4tzte Lesezeit\" \/>\n\t<meta name=\"twitter:data1\" content=\"8\u00a0Minuten\" \/>\n<script type=\"application\/ld+json\" class=\"yoast-schema-graph\">{\"@context\":\"https:\/\/schema.org\",\"@graph\":[{\"@type\":\"WebPage\",\"@id\":\"https:\/\/libellula.webstaging.it\/de\/bedingungen-und-konditionen\/\",\"url\":\"https:\/\/libellula.webstaging.it\/de\/bedingungen-und-konditionen\/\",\"name\":\"Termini e condizioni - Libellula\",\"isPartOf\":{\"@id\":\"https:\/\/libellula.webstaging.it\/#website\"},\"datePublished\":\"2025-07-01T06:21:47+00:00\",\"dateModified\":\"2025-07-01T06:23:56+00:00\",\"breadcrumb\":{\"@id\":\"https:\/\/libellula.webstaging.it\/de\/bedingungen-und-konditionen\/#breadcrumb\"},\"inLanguage\":\"de\",\"potentialAction\":[{\"@type\":\"ReadAction\",\"target\":[\"https:\/\/libellula.webstaging.it\/de\/bedingungen-und-konditionen\/\"]}]},{\"@type\":\"BreadcrumbList\",\"@id\":\"https:\/\/libellula.webstaging.it\/de\/bedingungen-und-konditionen\/#breadcrumb\",\"itemListElement\":[{\"@type\":\"ListItem\",\"position\":1,\"name\":\"Home\",\"item\":\"https:\/\/libellula.webstaging.it\/\"},{\"@type\":\"ListItem\",\"position\":2,\"name\":\"Termini e condizioni\"}]},{\"@type\":\"WebSite\",\"@id\":\"https:\/\/libellula.webstaging.it\/#website\",\"url\":\"https:\/\/libellula.webstaging.it\/\",\"name\":\"Libellula\",\"description\":\"\",\"potentialAction\":[{\"@type\":\"SearchAction\",\"target\":{\"@type\":\"EntryPoint\",\"urlTemplate\":\"https:\/\/libellula.webstaging.it\/?s={search_term_string}\"},\"query-input\":{\"@type\":\"PropertyValueSpecification\",\"valueRequired\":true,\"valueName\":\"search_term_string\"}}],\"inLanguage\":\"de\"}]}<\/script>\n<!-- \/ Yoast SEO Premium plugin. -->","yoast_head_json":{"title":"Bedingungen und Konditionen - Libellula","robots":{"index":"index","follow":"follow","max-snippet":"max-snippet:-1","max-image-preview":"max-image-preview:large","max-video-preview":"max-video-preview:-1"},"canonical":"https:\/\/libellula.webstaging.it\/de\/bedingungen-und-konditionen\/","og_locale":"de_DE","og_type":"article","og_title":"Termini e condizioni","og_description":"Termini e condizioni Per trattamento dei dati personali si intende qualunque operazione o complesso di operazioni, effettuati anche senza l\u2019ausilio di strumenti elettronici, concernenti la raccolta, la registrazione, l\u2019organizzazione, la conservazione, la consultazione, l\u2019elaborazione, la modificazione , la selezione, l\u2019estrazione, il raffronto, l\u2019utilizzo, l\u2019interconnessione, il blocco, la comunicazione, la diffusione, la cancellazione e la distruzione [&hellip;]","og_url":"https:\/\/libellula.webstaging.it\/de\/bedingungen-und-konditionen\/","og_site_name":"Libellula","article_modified_time":"2025-07-01T06:23:56+00:00","twitter_card":"summary_large_image","twitter_misc":{"Gesch\u00e4tzte Lesezeit":"8\u00a0Minuten"},"schema":{"@context":"https:\/\/schema.org","@graph":[{"@type":"WebPage","@id":"https:\/\/libellula.webstaging.it\/de\/bedingungen-und-konditionen\/","url":"https:\/\/libellula.webstaging.it\/de\/bedingungen-und-konditionen\/","name":"Bedingungen und Konditionen - Libellula","isPartOf":{"@id":"https:\/\/libellula.webstaging.it\/#website"},"datePublished":"2025-07-01T06:21:47+00:00","dateModified":"2025-07-01T06:23:56+00:00","breadcrumb":{"@id":"https:\/\/libellula.webstaging.it\/de\/bedingungen-und-konditionen\/#breadcrumb"},"inLanguage":"de","potentialAction":[{"@type":"ReadAction","target":["https:\/\/libellula.webstaging.it\/de\/bedingungen-und-konditionen\/"]}]},{"@type":"BreadcrumbList","@id":"https:\/\/libellula.webstaging.it\/de\/bedingungen-und-konditionen\/#breadcrumb","itemListElement":[{"@type":"ListItem","position":1,"name":"Home","item":"https:\/\/libellula.webstaging.it\/"},{"@type":"ListItem","position":2,"name":"Termini e condizioni"}]},{"@type":"WebSite","@id":"https:\/\/libellula.webstaging.it\/#website","url":"https:\/\/libellula.webstaging.it\/","name":"Libellula","description":"","potentialAction":[{"@type":"SearchAction","target":{"@type":"EntryPoint","urlTemplate":"https:\/\/libellula.webstaging.it\/?s={search_term_string}"},"query-input":{"@type":"PropertyValueSpecification","valueRequired":true,"valueName":"search_term_string"}}],"inLanguage":"de"}]}},"_links":{"self":[{"href":"https:\/\/libellula.webstaging.it\/de\/wp-json\/wp\/v2\/pages\/2567","targetHints":{"allow":["GET"]}}],"collection":[{"href":"https:\/\/libellula.webstaging.it\/de\/wp-json\/wp\/v2\/pages"}],"about":[{"href":"https:\/\/libellula.webstaging.it\/de\/wp-json\/wp\/v2\/types\/page"}],"author":[{"embeddable":true,"href":"https:\/\/libellula.webstaging.it\/de\/wp-json\/wp\/v2\/users\/1"}],"replies":[{"embeddable":true,"href":"https:\/\/libellula.webstaging.it\/de\/wp-json\/wp\/v2\/comments?post=2567"}],"version-history":[{"count":4,"href":"https:\/\/libellula.webstaging.it\/de\/wp-json\/wp\/v2\/pages\/2567\/revisions"}],"predecessor-version":[{"id":2571,"href":"https:\/\/libellula.webstaging.it\/de\/wp-json\/wp\/v2\/pages\/2567\/revisions\/2571"}],"wp:attachment":[{"href":"https:\/\/libellula.webstaging.it\/de\/wp-json\/wp\/v2\/media?parent=2567"}],"curies":[{"name":"wp","href":"https:\/\/api.w.org\/{rel}","templated":true}]}}